{"id":8428,"date":"2025-10-22T08:57:26","date_gmt":"2025-10-22T08:57:26","guid":{"rendered":"https:\/\/albanywater.com\/systemes\/"},"modified":"2025-11-10T15:32:31","modified_gmt":"2025-11-10T15:32:31","slug":"systemes","status":"publish","type":"page","link":"https:\/\/albanywater.com\/fr\/systemes\/","title":{"rendered":"Syst\u00e8mes"},"content":{"rendered":"\t\t<div data-elementor-type=\"wp-page\" data-elementor-id=\"8428\" class=\"elementor elementor-8428 elementor-3942\" data-elementor-post-type=\"page\">\n\t\t\t\t<div class=\"elementor-element elementor-element-33a4dc0 CMSHeroWrapper e-con-full e-flex e-con e-parent\" data-id=\"33a4dc0\" data-element_type=\"container\" data-e-type=\"container\" data-settings=\"{&quot;background_background&quot;:&quot;classic&quot;}\">\n\t\t<div class=\"elementor-element elementor-element-0e52250 CMSHeroInner e-flex e-con-boxed e-con e-child\" data-id=\"0e52250\" data-element_type=\"container\" data-e-type=\"container\">\n\t\t\t\t\t<div class=\"e-con-inner\">\n\t\t<div class=\"elementor-element elementor-element-dbb62ed e-con-full e-flex e-con e-child\" data-id=\"dbb62ed\" data-element_type=\"container\" data-e-type=\"container\">\n\t\t<div class=\"elementor-element elementor-element-5629a42 e-con-full e-flex e-con e-child\" data-id=\"5629a42\" data-element_type=\"container\" data-e-type=\"container\">\n\t\t\t\t<div class=\"elementor-element elementor-element-ea45b00 elementor-widget elementor-widget-woocommerce-breadcrumb\" data-id=\"ea45b00\" data-element_type=\"widget\" data-e-type=\"widget\" data-widget_type=\"woocommerce-breadcrumb.default\">\n\t\t\t\t\t<nav class=\"woocommerce-breadcrumb\" aria-label=\"Breadcrumb\">Accueil<\/nav>\t\t\t\t<\/div>\n\t\t\t\t<div class=\"elementor-element elementor-element-2bb2fbb elementor-widget elementor-widget-heading\" data-id=\"2bb2fbb\" data-element_type=\"widget\" data-e-type=\"widget\" data-widget_type=\"heading.default\">\n\t\t\t\t\t<h1 class=\"elementor-heading-title elementor-size-default\"><span class=\"h-style-black\">Albany water system<\/span> <br> archives des solutions de syst\u00e8mes<\/h1>\t\t\t\t<\/div>\n\t\t\t\t<\/div>\n\t\t<div class=\"elementor-element elementor-element-4591ac9 e-con-full e-flex e-con e-child\" data-id=\"4591ac9\" data-element_type=\"container\" data-e-type=\"container\">\n\t\t\t\t<div class=\"elementor-element elementor-element-ee45d13 elementor-widget-tablet__width-initial elementor-widget elementor-widget-text-editor\" data-id=\"ee45d13\" data-element_type=\"widget\" data-e-type=\"widget\" data-widget_type=\"text-editor.default\">\n\t\t\t\t\t\t\t\t\t<p>Explorez nos syst\u00e8mes d&rsquo;eau et d&rsquo;eaux us\u00e9es con\u00e7us pour une fiabilit\u00e9, une efficacit\u00e9 et une durabilit\u00e9 \u00e0 long terme \u2014 alimentant des infrastructures plus intelligentes et des applications modernes \u00e0 l&rsquo;\u00e9chelle mondiale.<\/p>\t\t\t\t\t\t\t\t<\/div>\n\t\t\t\t<\/div>\n\t\t\t\t<\/div>\n\t\t\t\t\t<\/div>\n\t\t\t\t<\/div>\n\t\t\t\t<\/div>\n\t\t<div class=\"elementor-element elementor-element-70feead detailsPinWrap noiseBg e-flex e-con-boxed e-con e-parent\" data-id=\"70feead\" data-element_type=\"container\" data-e-type=\"container\" data-settings=\"{&quot;background_background&quot;:&quot;classic&quot;}\">\n\t\t\t\t\t<div class=\"e-con-inner\">\n\t\t<div class=\"elementor-element elementor-element-f9bac3f e-flex e-con-boxed e-con e-child\" data-id=\"f9bac3f\" data-element_type=\"container\" data-e-type=\"container\">\n\t\t\t\t\t<div class=\"e-con-inner\">\n\t\t<div class=\"elementor-element elementor-element-8bc7e00 e-con-full e-flex e-con e-child\" data-id=\"8bc7e00\" data-element_type=\"container\" data-e-type=\"container\">\n\t\t\t\t<div class=\"elementor-element elementor-element-f31ea8f archiveItems elementor-grid-2 elementor-grid-tablet-2 elementor-grid-mobile-1 elementor-posts--thumbnail-top elementor-widget elementor-widget-posts\" data-id=\"f31ea8f\" data-element_type=\"widget\" data-e-type=\"widget\" data-settings=\"{&quot;classic_row_gap&quot;:{&quot;unit&quot;:&quot;px&quot;,&quot;size&quot;:48,&quot;sizes&quot;:[]},&quot;classic_columns&quot;:&quot;2&quot;,&quot;classic_row_gap_mobile&quot;:{&quot;unit&quot;:&quot;px&quot;,&quot;size&quot;:40,&quot;sizes&quot;:[]},&quot;classic_columns_tablet&quot;:&quot;2&quot;,&quot;classic_columns_mobile&quot;:&quot;1&quot;,&quot;classic_row_gap_widescreen&quot;:{&quot;unit&quot;:&quot;px&quot;,&quot;size&quot;:&quot;&quot;,&quot;sizes&quot;:[]},&quot;classic_row_gap_tablet&quot;:{&quot;unit&quot;:&quot;px&quot;,&quot;size&quot;:&quot;&quot;,&quot;sizes&quot;:[]}}\" data-widget_type=\"posts.classic\">\n\t\t\t\t<div class=\"elementor-widget-container\">\n\t\t\t\t\t\t\t<div class=\"elementor-posts-container elementor-posts elementor-posts--skin-classic elementor-grid\" role=\"list\">\n\t\t\t\t<article class=\"elementor-post elementor-grid-item post-8584 systems type-systems status-publish has-post-thumbnail hentry\" role=\"listitem\">\n\t\t\t\t<a class=\"elementor-post__thumbnail__link\" href=\"https:\/\/albanywater.com\/fr\/systems\/systemes-de-pompes-de-puisard-et-deaux-usees\/\" tabindex=\"-1\" >\n\t\t\t<div class=\"elementor-post__thumbnail\"><img fetchpriority=\"high\" decoding=\"async\" width=\"800\" height=\"450\" src=\"https:\/\/albanywater.com\/wp-content\/uploads\/2025\/11\/Sump-and-Sewage-Pump-Systems-03.jpg\" class=\"attachment-large size-large wp-image-8588\" alt=\"Syst\u00e8mes de pompes de puisard et d&#039;eaux us\u00e9es 03\" srcset=\"https:\/\/albanywater.com\/wp-content\/uploads\/2025\/11\/Sump-and-Sewage-Pump-Systems-03.jpg 800w, https:\/\/albanywater.com\/wp-content\/uploads\/2025\/11\/Sump-and-Sewage-Pump-Systems-03-300x169.jpg 300w, https:\/\/albanywater.com\/wp-content\/uploads\/2025\/11\/Sump-and-Sewage-Pump-Systems-03-768x432.jpg 768w, https:\/\/albanywater.com\/wp-content\/uploads\/2025\/11\/Sump-and-Sewage-Pump-Systems-03-600x338.jpg 600w\" sizes=\"(max-width: 800px) 100vw, 800px\" \/><\/div>\n\t\t<\/a>\n\t\t\t\t<div class=\"elementor-post__text\">\n\t\t\t\t<h2 class=\"elementor-post__title\">\n\t\t\t<a href=\"https:\/\/albanywater.com\/fr\/systems\/systemes-de-pompes-de-puisard-et-deaux-usees\/\" >\n\t\t\t\tSyst\u00e8mes de pompes de puisard et d&rsquo;eaux us\u00e9es\t\t\t<\/a>\n\t\t<\/h2>\n\t\t\t\t<\/div>\n\t\t\t\t<\/article>\n\t\t\t\t<article class=\"elementor-post elementor-grid-item post-8552 systems type-systems status-publish has-post-thumbnail hentry\" role=\"listitem\">\n\t\t\t\t<a class=\"elementor-post__thumbnail__link\" href=\"https:\/\/albanywater.com\/fr\/systems\/systemes-de-traitement-et-de-recyclage-des-eaux-usees-industrielles\/\" tabindex=\"-1\" >\n\t\t\t<div class=\"elementor-post__thumbnail\"><img decoding=\"async\" width=\"1024\" height=\"768\" src=\"https:\/\/albanywater.com\/wp-content\/uploads\/2025\/11\/Industrial-Wastewater-and-Recycling-Systems-03-1024x768.webp\" class=\"attachment-large size-large wp-image-8555\" alt=\"Syst\u00e8mes de traitement et de recyclage des eaux us\u00e9es industrielles 03\" srcset=\"https:\/\/albanywater.com\/wp-content\/uploads\/2025\/11\/Industrial-Wastewater-and-Recycling-Systems-03-1024x768.webp 1024w, https:\/\/albanywater.com\/wp-content\/uploads\/2025\/11\/Industrial-Wastewater-and-Recycling-Systems-03-300x225.webp 300w, https:\/\/albanywater.com\/wp-content\/uploads\/2025\/11\/Industrial-Wastewater-and-Recycling-Systems-03-768x576.webp 768w, https:\/\/albanywater.com\/wp-content\/uploads\/2025\/11\/Industrial-Wastewater-and-Recycling-Systems-03-1536x1152.webp 1536w, https:\/\/albanywater.com\/wp-content\/uploads\/2025\/11\/Industrial-Wastewater-and-Recycling-Systems-03-2048x1536.webp 2048w, https:\/\/albanywater.com\/wp-content\/uploads\/2025\/11\/Industrial-Wastewater-and-Recycling-Systems-03-600x450.webp 600w\" sizes=\"(max-width: 1024px) 100vw, 1024px\" \/><\/div>\n\t\t<\/a>\n\t\t\t\t<div class=\"elementor-post__text\">\n\t\t\t\t<h2 class=\"elementor-post__title\">\n\t\t\t<a href=\"https:\/\/albanywater.com\/fr\/systems\/systemes-de-traitement-et-de-recyclage-des-eaux-usees-industrielles\/\" >\n\t\t\t\tSyst\u00e8mes de traitement et de recyclage des eaux us\u00e9es industrielles\t\t\t<\/a>\n\t\t<\/h2>\n\t\t\t\t<\/div>\n\t\t\t\t<\/article>\n\t\t\t\t<article class=\"elementor-post elementor-grid-item post-8548 systems type-systems status-publish has-post-thumbnail hentry\" role=\"listitem\">\n\t\t\t\t<a class=\"elementor-post__thumbnail__link\" href=\"https:\/\/albanywater.com\/fr\/systems\/ensembles-techniques-personnalises\/\" tabindex=\"-1\" >\n\t\t\t<div class=\"elementor-post__thumbnail\"><img decoding=\"async\" width=\"1024\" height=\"793\" src=\"https:\/\/albanywater.com\/wp-content\/uploads\/2025\/11\/Custom-Engineered-Packages-01-1024x793.webp\" class=\"attachment-large size-large wp-image-8551\" alt=\"Syst\u00e8mes sur mesure 01\" srcset=\"https:\/\/albanywater.com\/wp-content\/uploads\/2025\/11\/Custom-Engineered-Packages-01-1024x793.webp 1024w, https:\/\/albanywater.com\/wp-content\/uploads\/2025\/11\/Custom-Engineered-Packages-01-300x232.webp 300w, https:\/\/albanywater.com\/wp-content\/uploads\/2025\/11\/Custom-Engineered-Packages-01-768x595.webp 768w, https:\/\/albanywater.com\/wp-content\/uploads\/2025\/11\/Custom-Engineered-Packages-01-1536x1189.webp 1536w, https:\/\/albanywater.com\/wp-content\/uploads\/2025\/11\/Custom-Engineered-Packages-01-2048x1586.webp 2048w, https:\/\/albanywater.com\/wp-content\/uploads\/2025\/11\/Custom-Engineered-Packages-01-600x465.webp 600w\" sizes=\"(max-width: 1024px) 100vw, 1024px\" \/><\/div>\n\t\t<\/a>\n\t\t\t\t<div class=\"elementor-post__text\">\n\t\t\t\t<h2 class=\"elementor-post__title\">\n\t\t\t<a href=\"https:\/\/albanywater.com\/fr\/systems\/ensembles-techniques-personnalises\/\" >\n\t\t\t\tEnsembles techniques personnalis\u00e9s\t\t\t<\/a>\n\t\t<\/h2>\n\t\t\t\t<\/div>\n\t\t\t\t<\/article>\n\t\t\t\t<article class=\"elementor-post elementor-grid-item post-8597 systems type-systems status-publish has-post-thumbnail hentry\" role=\"listitem\">\n\t\t\t\t<a class=\"elementor-post__thumbnail__link\" href=\"https:\/\/albanywater.com\/fr\/systems\/systemes-de-filtration-pour-irrigation-et-toitures-vegetalisees\/\" tabindex=\"-1\" >\n\t\t\t<div class=\"elementor-post__thumbnail\"><img loading=\"lazy\" decoding=\"async\" width=\"1024\" height=\"555\" src=\"https:\/\/albanywater.com\/wp-content\/uploads\/2025\/11\/Irrigation-and-Green-Roof-Filtration-Systems-03.jpg\" class=\"attachment-large size-large wp-image-8601\" alt=\"Syst\u00e8mes de filtration pour irrigation et toitures v\u00e9g\u00e9talis\u00e9es 03\" srcset=\"https:\/\/albanywater.com\/wp-content\/uploads\/2025\/11\/Irrigation-and-Green-Roof-Filtration-Systems-03.jpg 1024w, https:\/\/albanywater.com\/wp-content\/uploads\/2025\/11\/Irrigation-and-Green-Roof-Filtration-Systems-03-300x163.jpg 300w, https:\/\/albanywater.com\/wp-content\/uploads\/2025\/11\/Irrigation-and-Green-Roof-Filtration-Systems-03-768x416.jpg 768w, https:\/\/albanywater.com\/wp-content\/uploads\/2025\/11\/Irrigation-and-Green-Roof-Filtration-Systems-03-600x325.jpg 600w\" sizes=\"(max-width: 1024px) 100vw, 1024px\" \/><\/div>\n\t\t<\/a>\n\t\t\t\t<div class=\"elementor-post__text\">\n\t\t\t\t<h2 class=\"elementor-post__title\">\n\t\t\t<a href=\"https:\/\/albanywater.com\/fr\/systems\/systemes-de-filtration-pour-irrigation-et-toitures-vegetalisees\/\" >\n\t\t\t\tSyst\u00e8mes de filtration pour irrigation et toitures v\u00e9g\u00e9talis\u00e9es\t\t\t<\/a>\n\t\t<\/h2>\n\t\t\t\t<\/div>\n\t\t\t\t<\/article>\n\t\t\t\t<article class=\"elementor-post elementor-grid-item post-8580 systems type-systems status-publish has-post-thumbnail hentry\" role=\"listitem\">\n\t\t\t\t<a class=\"elementor-post__thumbnail__link\" href=\"https:\/\/albanywater.com\/fr\/systems\/systemes-dappoint-pour-tours-de-refroidissement-et-de-pretraitement-pour-osmose-inverse\/\" tabindex=\"-1\" >\n\t\t\t<div class=\"elementor-post__thumbnail\"><img loading=\"lazy\" decoding=\"async\" width=\"1000\" height=\"750\" src=\"https:\/\/albanywater.com\/wp-content\/uploads\/2025\/11\/Cooling-Tower-Make-Up-and-RO-Pre-Treatment-Systems-02.jpeg\" class=\"attachment-large size-large wp-image-8583\" alt=\"Syst\u00e8mes d\u2019appoint pour tours de refroidissement et de pr\u00e9traitement pour osmose inverse 02\" srcset=\"https:\/\/albanywater.com\/wp-content\/uploads\/2025\/11\/Cooling-Tower-Make-Up-and-RO-Pre-Treatment-Systems-02.jpeg 1000w, https:\/\/albanywater.com\/wp-content\/uploads\/2025\/11\/Cooling-Tower-Make-Up-and-RO-Pre-Treatment-Systems-02-300x225.jpeg 300w, https:\/\/albanywater.com\/wp-content\/uploads\/2025\/11\/Cooling-Tower-Make-Up-and-RO-Pre-Treatment-Systems-02-768x576.jpeg 768w, https:\/\/albanywater.com\/wp-content\/uploads\/2025\/11\/Cooling-Tower-Make-Up-and-RO-Pre-Treatment-Systems-02-600x450.jpeg 600w\" sizes=\"(max-width: 1000px) 100vw, 1000px\" \/><\/div>\n\t\t<\/a>\n\t\t\t\t<div class=\"elementor-post__text\">\n\t\t\t\t<h2 class=\"elementor-post__title\">\n\t\t\t<a href=\"https:\/\/albanywater.com\/fr\/systems\/systemes-dappoint-pour-tours-de-refroidissement-et-de-pretraitement-pour-osmose-inverse\/\" >\n\t\t\t\tSyst\u00e8mes d\u2019appoint pour tours de refroidissement et de pr\u00e9traitement pour osmose inverse\t\t\t<\/a>\n\t\t<\/h2>\n\t\t\t\t<\/div>\n\t\t\t\t<\/article>\n\t\t\t\t<article class=\"elementor-post elementor-grid-item post-8559 systems type-systems status-publish has-post-thumbnail hentry\" role=\"listitem\">\n\t\t\t\t<a class=\"elementor-post__thumbnail__link\" href=\"https:\/\/albanywater.com\/fr\/systems\/systemes-de-filtration-et-de-desinfection\/\" tabindex=\"-1\" >\n\t\t\t<div class=\"elementor-post__thumbnail\"><img loading=\"lazy\" decoding=\"async\" width=\"469\" height=\"300\" src=\"https:\/\/albanywater.com\/wp-content\/uploads\/2025\/11\/Filtration-and-Disinfection-Systems-03.jpg\" class=\"attachment-large size-large wp-image-8562\" alt=\"Appareil photo num\u00e9rique Olympus\" srcset=\"https:\/\/albanywater.com\/wp-content\/uploads\/2025\/11\/Filtration-and-Disinfection-Systems-03.jpg 469w, https:\/\/albanywater.com\/wp-content\/uploads\/2025\/11\/Filtration-and-Disinfection-Systems-03-300x192.jpg 300w\" sizes=\"(max-width: 469px) 100vw, 469px\" \/><\/div>\n\t\t<\/a>\n\t\t\t\t<div class=\"elementor-post__text\">\n\t\t\t\t<h2 class=\"elementor-post__title\">\n\t\t\t<a href=\"https:\/\/albanywater.com\/fr\/systems\/systemes-de-filtration-et-de-desinfection\/\" >\n\t\t\t\tSyst\u00e8mes de filtration et de d\u00e9sinfection\t\t\t<\/a>\n\t\t<\/h2>\n\t\t\t\t<\/div>\n\t\t\t\t<\/article>\n\t\t\t\t<article class=\"elementor-post elementor-grid-item post-8572 systems type-systems status-publish has-post-thumbnail hentry\" role=\"listitem\">\n\t\t\t\t<a class=\"elementor-post__thumbnail__link\" href=\"https:\/\/albanywater.com\/fr\/systems\/systemes-de-traitement-deau-potable-et-de-process\/\" tabindex=\"-1\" >\n\t\t\t<div class=\"elementor-post__thumbnail\"><img loading=\"lazy\" decoding=\"async\" width=\"900\" height=\"562\" src=\"https:\/\/albanywater.com\/wp-content\/uploads\/2025\/11\/Potable-and-Process-Water-Treatment-Systems-01.jpg\" class=\"attachment-large size-large wp-image-8575\" alt=\"Syst\u00e8mes de traitement d&#039;eau potable et de process 01\" srcset=\"https:\/\/albanywater.com\/wp-content\/uploads\/2025\/11\/Potable-and-Process-Water-Treatment-Systems-01.jpg 900w, https:\/\/albanywater.com\/wp-content\/uploads\/2025\/11\/Potable-and-Process-Water-Treatment-Systems-01-300x187.jpg 300w, https:\/\/albanywater.com\/wp-content\/uploads\/2025\/11\/Potable-and-Process-Water-Treatment-Systems-01-768x480.jpg 768w, https:\/\/albanywater.com\/wp-content\/uploads\/2025\/11\/Potable-and-Process-Water-Treatment-Systems-01-600x375.jpg 600w\" sizes=\"(max-width: 900px) 100vw, 900px\" \/><\/div>\n\t\t<\/a>\n\t\t\t\t<div class=\"elementor-post__text\">\n\t\t\t\t<h2 class=\"elementor-post__title\">\n\t\t\t<a href=\"https:\/\/albanywater.com\/fr\/systems\/systemes-de-traitement-deau-potable-et-de-process\/\" >\n\t\t\t\tSyst\u00e8mes de traitement d&rsquo;eau potable et de process\t\t\t<\/a>\n\t\t<\/h2>\n\t\t\t\t<\/div>\n\t\t\t\t<\/article>\n\t\t\t\t<article class=\"elementor-post elementor-grid-item post-8593 systems type-systems status-publish has-post-thumbnail hentry\" role=\"listitem\">\n\t\t\t\t<a class=\"elementor-post__thumbnail__link\" href=\"https:\/\/albanywater.com\/fr\/systems\/systemes-de-reutilisation-des-eaux-pluviales-et-des-eaux-grises\/\" tabindex=\"-1\" >\n\t\t\t<div class=\"elementor-post__thumbnail\"><img loading=\"lazy\" decoding=\"async\" width=\"1024\" height=\"899\" src=\"https:\/\/albanywater.com\/wp-content\/uploads\/2025\/11\/Rainwater-and-Greywater-Reuse-Systems-01-1024x899.jpg\" class=\"attachment-large size-large wp-image-8596\" alt=\"Syst\u00e8mes de r\u00e9utilisation des eaux pluviales et des eaux grises 01\" srcset=\"https:\/\/albanywater.com\/wp-content\/uploads\/2025\/11\/Rainwater-and-Greywater-Reuse-Systems-01-1024x899.jpg 1024w, https:\/\/albanywater.com\/wp-content\/uploads\/2025\/11\/Rainwater-and-Greywater-Reuse-Systems-01-300x263.jpg 300w, https:\/\/albanywater.com\/wp-content\/uploads\/2025\/11\/Rainwater-and-Greywater-Reuse-Systems-01-768x674.jpg 768w, https:\/\/albanywater.com\/wp-content\/uploads\/2025\/11\/Rainwater-and-Greywater-Reuse-Systems-01-600x527.jpg 600w, https:\/\/albanywater.com\/wp-content\/uploads\/2025\/11\/Rainwater-and-Greywater-Reuse-Systems-01.jpg 1280w\" sizes=\"(max-width: 1024px) 100vw, 1024px\" \/><\/div>\n\t\t<\/a>\n\t\t\t\t<div class=\"elementor-post__text\">\n\t\t\t\t<h2 class=\"elementor-post__title\">\n\t\t\t<a href=\"https:\/\/albanywater.com\/fr\/systems\/systemes-de-reutilisation-des-eaux-pluviales-et-des-eaux-grises\/\" >\n\t\t\t\tSyst\u00e8mes de r\u00e9utilisation des eaux pluviales et des eaux grises\t\t\t<\/a>\n\t\t<\/h2>\n\t\t\t\t<\/div>\n\t\t\t\t<\/article>\n\t\t\t\t<article class=\"elementor-post elementor-grid-item post-8576 systems type-systems status-publish has-post-thumbnail hentry\" role=\"listitem\">\n\t\t\t\t<a class=\"elementor-post__thumbnail__link\" href=\"https:\/\/albanywater.com\/fr\/systems\/systemes-de-pompes-de-surpression-et-de-transfert\/\" tabindex=\"-1\" >\n\t\t\t<div class=\"elementor-post__thumbnail\"><img loading=\"lazy\" decoding=\"async\" width=\"768\" height=\"1024\" src=\"https:\/\/albanywater.com\/wp-content\/uploads\/2025\/11\/Booster-and-Transfer-Pump-Systems-02-768x1024.jpeg\" class=\"attachment-large size-large wp-image-8579\" alt=\"Syst\u00e8mes de pompes de surpression et de transfert 02\" srcset=\"https:\/\/albanywater.com\/wp-content\/uploads\/2025\/11\/Booster-and-Transfer-Pump-Systems-02-768x1023.jpeg 768w, https:\/\/albanywater.com\/wp-content\/uploads\/2025\/11\/Booster-and-Transfer-Pump-Systems-02-225x300.jpeg 225w, https:\/\/albanywater.com\/wp-content\/uploads\/2025\/11\/Booster-and-Transfer-Pump-Systems-02-600x800.jpeg 600w, https:\/\/albanywater.com\/wp-content\/uploads\/2025\/11\/Booster-and-Transfer-Pump-Systems-02.jpeg 1013w\" sizes=\"(max-width: 768px) 100vw, 768px\" \/><\/div>\n\t\t<\/a>\n\t\t\t\t<div class=\"elementor-post__text\">\n\t\t\t\t<h2 class=\"elementor-post__title\">\n\t\t\t<a href=\"https:\/\/albanywater.com\/fr\/systems\/systemes-de-pompes-de-surpression-et-de-transfert\/\" >\n\t\t\t\tSyst\u00e8mes de pompes de surpression et de transfert\t\t\t<\/a>\n\t\t<\/h2>\n\t\t\t\t<\/div>\n\t\t\t\t<\/article>\n\t\t\t\t<\/div>\n\t\t\n\t\t\t\t\t\t<\/div>\n\t\t\t\t<\/div>\n\t\t\t\t<\/div>\n\t\t<div class=\"elementor-element elementor-element-a166807 e-con-full detailsPinCont e-flex e-con e-child\" data-id=\"a166807\" data-element_type=\"container\" data-e-type=\"container\" data-settings=\"{&quot;background_background&quot;:&quot;classic&quot;}\">\n\t\t\t\t<div class=\"elementor-element elementor-element-0db11ad elementor-widget elementor-widget-heading\" data-id=\"0db11ad\" data-element_type=\"widget\" data-e-type=\"widget\" data-widget_type=\"heading.default\">\n\t\t\t\t\t<h2 class=\"elementor-heading-title elementor-size-default\">Nous contacter<\/h2>\t\t\t\t<\/div>\n\t\t\t\t<div class=\"elementor-element elementor-element-ac2edc2 elementor-widget elementor-widget-text-editor\" data-id=\"ac2edc2\" data-element_type=\"widget\" data-e-type=\"widget\" data-widget_type=\"text-editor.default\">\n\t\t\t\t\t\t\t\t\t<p>Vous avez une exigence particuli\u00e8re ? Envoyez-nous un message avec vos besoins et notre \u00e9quipe vous r\u00e9pondra dans les plus brefs d\u00e9lais. <\/p>\t\t\t\t\t\t\t\t<\/div>\n\t\t\t\t<div class=\"elementor-element elementor-element-79af30a elementor-button-align-stretch elementor-widget elementor-widget-form\" data-id=\"79af30a\" data-element_type=\"widget\" data-e-type=\"widget\" data-settings=\"{&quot;step_next_label&quot;:&quot;Suivant&quot;,&quot;step_previous_label&quot;:&quot;Pr\\u00e9c\\u00e9dent&quot;,&quot;button_width&quot;:&quot;100&quot;,&quot;step_type&quot;:&quot;number_text&quot;,&quot;step_icon_shape&quot;:&quot;circle&quot;}\" data-widget_type=\"form.default\">\n\t\t\t\t\t\t\t<form class=\"elementor-form\" method=\"post\" name=\"Nouveau formulaire\" aria-label=\"Nouveau formulaire\">\n\t\t\t<input type=\"hidden\" name=\"post_id\" value=\"8428\"\/>\n\t\t\t<input type=\"hidden\" name=\"form_id\" value=\"79af30a\"\/>\n\t\t\t<input type=\"hidden\" name=\"referer_title\" value=\"Syst\u00e8mes\" \/>\n\n\t\t\t\t\t\t\t<input type=\"hidden\" name=\"queried_id\" value=\"8428\"\/>\n\t\t\t\n\t\t\t<div class=\"elementor-form-fields-wrapper elementor-labels-\">\n\t\t\t\t\t\t\t\t<div class=\"elementor-field-type-text elementor-field-group elementor-column elementor-field-group-name elementor-col-50 elementor-md-50 elementor-sm-50\">\n\t\t\t\t\t\t\t\t\t\t\t\t<label for=\"form-field-name\" class=\"elementor-field-label elementor-screen-only\">\n\t\t\t\t\t\t\t\tPr\u00e9nom\t\t\t\t\t\t\t<\/label>\n\t\t\t\t\t\t\t\t\t\t\t\t\t\t<input size=\"1\" type=\"text\" name=\"form_fields[name]\" id=\"form-field-name\" class=\"elementor-field elementor-size-md  elementor-field-textual\" placeholder=\"Jean\">\n\t\t\t\t\t\t\t\t\t\t\t<\/div>\n\t\t\t\t\t\t\t\t<div class=\"elementor-field-type-text elementor-field-group elementor-column elementor-field-group-field_3bdc970 elementor-col-50 elementor-md-50 elementor-sm-50\">\n\t\t\t\t\t\t\t\t\t\t\t\t<label for=\"form-field-field_3bdc970\" class=\"elementor-field-label elementor-screen-only\">\n\t\t\t\t\t\t\t\tNom\t\t\t\t\t\t\t<\/label>\n\t\t\t\t\t\t\t\t\t\t\t\t\t\t<input size=\"1\" type=\"text\" name=\"form_fields[field_3bdc970]\" id=\"form-field-field_3bdc970\" class=\"elementor-field elementor-size-md  elementor-field-textual\" placeholder=\"Dupont\">\n\t\t\t\t\t\t\t\t\t\t\t<\/div>\n\t\t\t\t\t\t\t\t<div class=\"elementor-field-type-text elementor-field-group elementor-column elementor-field-group-field_20855b1 elementor-col-100 elementor-md-40\">\n\t\t\t\t\t\t\t\t\t\t\t\t<label for=\"form-field-field_20855b1\" class=\"elementor-field-label elementor-screen-only\">\n\t\t\t\t\t\t\t\tEntreprise\t\t\t\t\t\t\t<\/label>\n\t\t\t\t\t\t\t\t\t\t\t\t\t\t<input size=\"1\" type=\"text\" name=\"form_fields[field_20855b1]\" id=\"form-field-field_20855b1\" class=\"elementor-field elementor-size-md  elementor-field-textual\" placeholder=\"Entreprise\">\n\t\t\t\t\t\t\t\t\t\t\t<\/div>\n\t\t\t\t\t\t\t\t<div class=\"elementor-field-type-tel elementor-field-group elementor-column elementor-field-group-field_8ffec88 elementor-col-100 elementor-md-60\">\n\t\t\t\t\t\t\t\t\t\t\t\t<label for=\"form-field-field_8ffec88\" class=\"elementor-field-label elementor-screen-only\">\n\t\t\t\t\t\t\t\tNum\u00e9ro de t\u00e9l\u00e9phone\t\t\t\t\t\t\t<\/label>\n\t\t\t\t\t\t\t\t<input size=\"1\" type=\"tel\" name=\"form_fields[field_8ffec88]\" id=\"form-field-field_8ffec88\" class=\"elementor-field elementor-size-md  elementor-field-textual\" placeholder=\"Num\u00e9ro de t\u00e9l\u00e9phone\" pattern=\"[0-9()#&amp;+*-=.]+\" title=\"Seuls les caract\u00e8res de num\u00e9ros de t\u00e9l\u00e9phone (#, -, *, etc.) sont accept\u00e9s.\">\n\n\t\t\t\t\t\t<\/div>\n\t\t\t\t\t\t\t\t<div class=\"elementor-field-type-email elementor-field-group elementor-column elementor-field-group-email elementor-col-100 elementor-field-required\">\n\t\t\t\t\t\t\t\t\t\t\t\t<label for=\"form-field-email\" class=\"elementor-field-label elementor-screen-only\">\n\t\t\t\t\t\t\t\tE-mail\t\t\t\t\t\t\t<\/label>\n\t\t\t\t\t\t\t\t\t\t\t\t\t\t<input size=\"1\" type=\"email\" name=\"form_fields[email]\" id=\"form-field-email\" class=\"elementor-field elementor-size-md  elementor-field-textual\" placeholder=\"E-mail\" required=\"required\">\n\t\t\t\t\t\t\t\t\t\t\t<\/div>\n\t\t\t\t\t\t\t\t<div class=\"elementor-field-type-textarea elementor-field-group elementor-column elementor-field-group-message elementor-col-100\">\n\t\t\t\t\t\t\t\t\t\t\t\t<label for=\"form-field-message\" class=\"elementor-field-label elementor-screen-only\">\n\t\t\t\t\t\t\t\tMessage\t\t\t\t\t\t\t<\/label>\n\t\t\t\t\t\t<textarea class=\"elementor-field-textual elementor-field  elementor-size-md\" name=\"form_fields[message]\" id=\"form-field-message\" rows=\"5\" placeholder=\"Message\"><\/textarea>\t\t\t\t<\/div>\n\t\t\t\t\t\t\t\t<div class=\"elementor-field-type-recaptcha_v3 elementor-field-group elementor-column elementor-field-group-field_39c0330 elementor-col-100 recaptcha_v3-bottomright\">\n\t\t\t\t\t<div class=\"elementor-field\" id=\"form-field-field_39c0330\"><div class=\"elementor-g-recaptcha\" data-sitekey=\"6LdH8fYrAAAAABDfX7z5hrg2QYYKj1e-cb8pU42Y\" data-type=\"v3\" data-action=\"Form\" data-badge=\"bottomright\" data-size=\"invisible\"><\/div><\/div>\t\t\t\t<\/div>\n\t\t\t\t\t\t\t\t<div class=\"elementor-field-group elementor-column elementor-field-type-submit elementor-col-100 e-form__buttons\">\n\t\t\t\t\t<button class=\"elementor-button elementor-size-sm\" type=\"submit\">\n\t\t\t\t\t\t<span class=\"elementor-button-content-wrapper\">\n\t\t\t\t\t\t\t\t\t\t\t\t\t\t\t\t\t\t\t\t\t\t<span class=\"elementor-button-text\">Envoyer<\/span>\n\t\t\t\t\t\t\t\t\t\t\t\t\t<\/span>\n\t\t\t\t\t<\/button>\n\t\t\t\t<\/div>\n\t\t\t<\/div>\n\t\t<\/form>\n\t\t\t\t\t\t<\/div>\n\t\t\t\t<\/div>\n\t\t\t\t\t<\/div>\n\t\t\t\t<\/div>\n\t\t\t\t\t<\/div>\n\t\t\t\t<\/div>\n\t\t\t\t<\/div>\n\t\t","protected":false},"excerpt":{"rendered":"<p>Albany water system archives des solutions de syst\u00e8mes Explorez nos syst\u00e8mes d&rsquo;eau et d&rsquo;eaux us\u00e9es con\u00e7us pour une fiabilit\u00e9, une efficacit\u00e9 et une durabilit\u00e9 \u00e0<\/p>\n","protected":false},"author":2,"featured_media":0,"parent":0,"menu_order":0,"comment_status":"closed","ping_status":"closed","template":"","meta":{"_acf_changed":false,"slim_seo":{"title":"Syst\u00e8mes de pompes de surpression et de transfert - Albany Water System","description":""},"footnotes":""},"class_list":["post-8428","page","type-page","status-publish","hentry"],"acf":[],"_links":{"self":[{"href":"https:\/\/albanywater.com\/fr\/wp-json\/wp\/v2\/pages\/8428","targetHints":{"allow":["GET"]}}],"collection":[{"href":"https:\/\/albanywater.com\/fr\/wp-json\/wp\/v2\/pages"}],"about":[{"href":"https:\/\/albanywater.com\/fr\/wp-json\/wp\/v2\/types\/page"}],"author":[{"embeddable":true,"href":"https:\/\/albanywater.com\/fr\/wp-json\/wp\/v2\/users\/2"}],"replies":[{"embeddable":true,"href":"https:\/\/albanywater.com\/fr\/wp-json\/wp\/v2\/comments?post=8428"}],"version-history":[{"count":3,"href":"https:\/\/albanywater.com\/fr\/wp-json\/wp\/v2\/pages\/8428\/revisions"}],"predecessor-version":[{"id":8443,"href":"https:\/\/albanywater.com\/fr\/wp-json\/wp\/v2\/pages\/8428\/revisions\/8443"}],"wp:attachment":[{"href":"https:\/\/albanywater.com\/fr\/wp-json\/wp\/v2\/media?parent=8428"}],"curies":[{"name":"wp","href":"https:\/\/api.w.org\/{rel}","templated":true}]}}