{"id":8445,"date":"2025-10-04T08:35:43","date_gmt":"2025-10-04T08:35:43","guid":{"rendered":"https:\/\/albanywater.com\/cg\/"},"modified":"2025-11-10T15:32:34","modified_gmt":"2025-11-10T15:32:34","slug":"cg","status":"publish","type":"page","link":"https:\/\/albanywater.com\/fr\/cg\/","title":{"rendered":"C&amp;G"},"content":{"rendered":"\t\t<div data-elementor-type=\"wp-page\" data-elementor-id=\"8445\" class=\"elementor elementor-8445 elementor-96\" data-elementor-post-type=\"page\">\n\t\t\t\t<div class=\"elementor-element elementor-element-d3732a6 noiseBg e-flex e-con-boxed e-con e-parent\" data-id=\"d3732a6\" data-element_type=\"container\" data-e-type=\"container\">\n\t\t\t\t\t<div class=\"e-con-inner\">\n\t\t\t\t\t<\/div>\n\t\t\t\t<\/div>\n\t\t\t\t<\/div>\n\t\t","protected":false},"excerpt":{"rendered":"","protected":false},"author":2,"featured_media":0,"parent":0,"menu_order":0,"comment_status":"closed","ping_status":"closed","template":"","meta":{"_acf_changed":false,"slim_seo":{"title":"Albany Water System | Conditions g\u00e9n\u00e9rales","description":"Consultez les conditions g\u00e9n\u00e9rales d'utilisation du site web d'Albany Water System, incluant les responsabilit\u00e9s des utilisateurs, les droits l\u00e9gaux et les directives d'utilisation importantes."},"footnotes":""},"class_list":["post-8445","page","type-page","status-publish"],"acf":[],"_links":{"self":[{"href":"https:\/\/albanywater.com\/fr\/wp-json\/wp\/v2\/pages\/8445","targetHints":{"allow":["GET"]}}],"collection":[{"href":"https:\/\/albanywater.com\/fr\/wp-json\/wp\/v2\/pages"}],"about":[{"href":"https:\/\/albanywater.com\/fr\/wp-json\/wp\/v2\/types\/page"}],"author":[{"embeddable":true,"href":"https:\/\/albanywater.com\/fr\/wp-json\/wp\/v2\/users\/2"}],"replies":[{"embeddable":true,"href":"https:\/\/albanywater.com\/fr\/wp-json\/wp\/v2\/comments?post=8445"}],"version-history":[{"count":1,"href":"https:\/\/albanywater.com\/fr\/wp-json\/wp\/v2\/pages\/8445\/revisions"}],"predecessor-version":[{"id":8447,"href":"https:\/\/albanywater.com\/fr\/wp-json\/wp\/v2\/pages\/8445\/revisions\/8447"}],"wp:attachment":[{"href":"https:\/\/albanywater.com\/fr\/wp-json\/wp\/v2\/media?parent=8445"}],"curies":[{"name":"wp","href":"https:\/\/api.w.org\/{rel}","templated":true}]}}