{"id":8489,"date":"2025-10-04T08:35:24","date_gmt":"2025-10-04T08:35:24","guid":{"rendered":"https:\/\/albanywater.com\/blog\/"},"modified":"2025-11-10T15:33:10","modified_gmt":"2025-11-10T15:33:10","slug":"blog","status":"publish","type":"page","link":"https:\/\/albanywater.com\/fr\/blog\/","title":{"rendered":"Blog"},"content":{"rendered":"\t\t<div data-elementor-type=\"wp-page\" data-elementor-id=\"8489\" class=\"elementor elementor-8489 elementor-94\" data-elementor-post-type=\"page\">\n\t\t\t\t<div class=\"elementor-element elementor-element-bef40b4 CMSHeroWrapper e-con-full e-flex e-con e-parent\" data-id=\"bef40b4\" data-element_type=\"container\" data-e-type=\"container\" data-settings=\"{&quot;background_background&quot;:&quot;classic&quot;}\">\n\t\t<div class=\"elementor-element elementor-element-7a4ea0d CMSHeroInner e-flex e-con-boxed e-con e-child\" data-id=\"7a4ea0d\" data-element_type=\"container\" data-e-type=\"container\">\n\t\t\t\t\t<div class=\"e-con-inner\">\n\t\t<div class=\"elementor-element elementor-element-5fb8ab2 e-con-full e-flex e-con e-child\" data-id=\"5fb8ab2\" data-element_type=\"container\" data-e-type=\"container\">\n\t\t<div class=\"elementor-element elementor-element-c4cd3e3 e-con-full e-flex e-con e-child\" data-id=\"c4cd3e3\" data-element_type=\"container\" data-e-type=\"container\">\n\t\t\t\t<div class=\"elementor-element elementor-element-d7219d0 elementor-widget elementor-widget-woocommerce-breadcrumb\" data-id=\"d7219d0\" data-element_type=\"widget\" data-e-type=\"widget\" data-widget_type=\"woocommerce-breadcrumb.default\">\n\t\t\t\t\t<nav class=\"woocommerce-breadcrumb\" aria-label=\"Breadcrumb\">Accueil<\/nav>\t\t\t\t<\/div>\n\t\t\t\t<div class=\"elementor-element elementor-element-f3cfb8a elementor-widget elementor-widget-heading\" data-id=\"f3cfb8a\" data-element_type=\"widget\" data-e-type=\"widget\" data-widget_type=\"heading.default\">\n\t\t\t\t\t<h1 class=\"elementor-heading-title elementor-size-default\"><span class=\"h-style-black\">Albany water system<\/span> <br> Archive des actualit\u00e9s et perspectives<\/h1>\t\t\t\t<\/div>\n\t\t\t\t<\/div>\n\t\t<div class=\"elementor-element elementor-element-f91ec1e e-con-full e-flex e-con e-child\" data-id=\"f91ec1e\" data-element_type=\"container\" data-e-type=\"container\">\n\t\t\t\t<div class=\"elementor-element elementor-element-161ca43 elementor-widget-tablet__width-initial elementor-widget elementor-widget-text-editor\" data-id=\"161ca43\" data-element_type=\"widget\" data-e-type=\"widget\" data-widget_type=\"text-editor.default\">\n\t\t\t\t\t\t\t\t\tRestez inform\u00e9 des derni\u00e8res mises \u00e0 jour, perspectives techniques et faits saillants de projets d&rsquo;Albany Water Systems \u2014 o\u00f9 l&rsquo;innovation, la durabilit\u00e9 et l&rsquo;excellence en ing\u00e9nierie fa\u00e7onnent chaque solution que nous livrons.\t\t\t\t\t\t\t\t<\/div>\n\t\t\t\t<\/div>\n\t\t\t\t<\/div>\n\t\t\t\t\t<\/div>\n\t\t\t\t<\/div>\n\t\t\t\t<\/div>\n\t\t<div class=\"elementor-element elementor-element-ad580cb detailsPinWrap noiseBg e-flex e-con-boxed e-con e-parent\" data-id=\"ad580cb\" data-element_type=\"container\" data-e-type=\"container\" data-settings=\"{&quot;background_background&quot;:&quot;classic&quot;}\">\n\t\t\t\t\t<div class=\"e-con-inner\">\n\t\t<div class=\"elementor-element elementor-element-384c31d e-flex e-con-boxed e-con e-child\" data-id=\"384c31d\" data-element_type=\"container\" data-e-type=\"container\">\n\t\t\t\t\t<div class=\"e-con-inner\">\n\t\t<div class=\"elementor-element elementor-element-cb60167 e-con-full e-flex e-con e-child\" data-id=\"cb60167\" data-element_type=\"container\" data-e-type=\"container\">\n\t\t\t\t<div class=\"elementor-element elementor-element-21c3025 elementor-grid-1 elementor-grid-tablet-1 elementor-grid-mobile-1 elementor-widget elementor-widget-loop-grid\" data-id=\"21c3025\" data-element_type=\"widget\" data-e-type=\"widget\" data-settings=\"{&quot;template_id&quot;:8490,&quot;columns&quot;:1,&quot;row_gap&quot;:{&quot;unit&quot;:&quot;px&quot;,&quot;size&quot;:40,&quot;sizes&quot;:[]},&quot;columns_tablet&quot;:1,&quot;_skin&quot;:&quot;post&quot;,&quot;columns_mobile&quot;:&quot;1&quot;,&quot;edit_handle_selector&quot;:&quot;[data-elementor-type=\\&quot;loop-item\\&quot;]&quot;,&quot;row_gap_widescreen&quot;:{&quot;unit&quot;:&quot;px&quot;,&quot;size&quot;:&quot;&quot;,&quot;sizes&quot;:[]},&quot;row_gap_tablet&quot;:{&quot;unit&quot;:&quot;px&quot;,&quot;size&quot;:&quot;&quot;,&quot;sizes&quot;:[]},&quot;row_gap_mobile&quot;:{&quot;unit&quot;:&quot;px&quot;,&quot;size&quot;:&quot;&quot;,&quot;sizes&quot;:[]}}\" data-widget_type=\"loop-grid.post\">\n\t\t\t\t<div class=\"elementor-widget-container\">\n\t\t\t\t\t\t\t<div class=\"e-loop-nothing-found-message\">\n\t\t<\/div>\n\t\t\t\t\t\t<\/div>\n\t\t\t\t<\/div>\n\t\t\t\t<\/div>\n\t\t\t\t\t<\/div>\n\t\t\t\t<\/div>\n\t\t\t\t\t<\/div>\n\t\t\t\t<\/div>\n\t\t\t\t<\/div>\n\t\t","protected":false},"excerpt":{"rendered":"<p>Albany water system Archive des actualit\u00e9s et perspectives Restez inform\u00e9 des derni\u00e8res mises \u00e0 jour, perspectives techniques et faits saillants de projets d&rsquo;Albany Water Systems \u2014 o\u00f9 l&rsquo;innovation, la durabilit\u00e9 et l&rsquo;excellence en ing\u00e9nierie fa\u00e7onnent chaque solution que nous livrons.<\/p>\n","protected":false},"author":2,"featured_media":0,"parent":0,"menu_order":0,"comment_status":"closed","ping_status":"closed","template":"","meta":{"_acf_changed":false,"slim_seo":{"title":"Albany Water System | Actualit\u00e9s, mises \u00e0 jour et perspectives de l'industrie","description":"Explorez les derni\u00e8res actualit\u00e9s, mises \u00e0 jour et perspectives d'Albany Water System \u2014 couvrant l'innovation, la durabilit\u00e9 et les avanc\u00e9es dans la gestion de l'eau et des eaux us\u00e9es."},"footnotes":""},"class_list":["post-8489","page","type-page","status-publish"],"acf":[],"_links":{"self":[{"href":"https:\/\/albanywater.com\/fr\/wp-json\/wp\/v2\/pages\/8489","targetHints":{"allow":["GET"]}}],"collection":[{"href":"https:\/\/albanywater.com\/fr\/wp-json\/wp\/v2\/pages"}],"about":[{"href":"https:\/\/albanywater.com\/fr\/wp-json\/wp\/v2\/types\/page"}],"author":[{"embeddable":true,"href":"https:\/\/albanywater.com\/fr\/wp-json\/wp\/v2\/users\/2"}],"replies":[{"embeddable":true,"href":"https:\/\/albanywater.com\/fr\/wp-json\/wp\/v2\/comments?post=8489"}],"version-history":[{"count":2,"href":"https:\/\/albanywater.com\/fr\/wp-json\/wp\/v2\/pages\/8489\/revisions"}],"predecessor-version":[{"id":8493,"href":"https:\/\/albanywater.com\/fr\/wp-json\/wp\/v2\/pages\/8489\/revisions\/8493"}],"wp:attachment":[{"href":"https:\/\/albanywater.com\/fr\/wp-json\/wp\/v2\/media?parent=8489"}],"curies":[{"name":"wp","href":"https:\/\/api.w.org\/{rel}","templated":true}]}}