{"id":8457,"date":"2025-11-05T04:47:12","date_gmt":"2025-11-05T04:47:12","guid":{"rendered":"https:\/\/albanywater.com\/product\/traitement-de-leau-par-uv\/"},"modified":"2025-11-05T04:47:12","modified_gmt":"2025-11-05T04:47:12","slug":"traitement-de-leau-par-uv","status":"publish","type":"product","link":"https:\/\/albanywater.com\/fr\/produit\/traitement-de-leau-par-uv\/","title":{"rendered":"TRAITEMENT DE L\u2019EAU PAR UV"},"content":{"rendered":"<p>Les syst\u00e8mes de traitement de l\u2019eau par UV sont con\u00e7us pour assurer une d\u00e9sinfection sans produits chimiques en utilisant la lumi\u00e8re ultraviolette (UV-C) afin de d\u00e9sactiver les bact\u00e9ries, les virus et les micro-organismes pr\u00e9sents dans l\u2019eau. Lorsque l\u2019eau traverse la chambre UV, la lumi\u00e8re UV de haute intensit\u00e9 p\u00e9n\u00e8tre dans les cellules microbiennes, perturbant leur ADN et les rendant inoffensives. Cela garantit une eau s\u00fbre, claire et exempte d\u2019agents pathog\u00e8nes sans alt\u00e9rer son go\u00fbt, son odeur ou son pH. Construits \u00e0 partir de chambres en acier inoxydable (304\/316) avec des manchons en quartz et des lampes UV \u00e0 haut rendement, les syst\u00e8mes UV offrent une efficacit\u00e9 de d\u00e9sinfection \u00e9lev\u00e9e, une maintenance r\u00e9duite et un fonctionnement instantan\u00e9. Ils sont id\u00e9aux pour les syst\u00e8mes d\u2019eau potable, la r\u00e9utilisation de l\u2019eau de pluie et des eaux grises, les unit\u00e9s de filtration et les applications de processus industriels. Disponibles avec des syst\u00e8mes de nettoyage automatiques, des horam\u00e8tres et des capteurs d\u2019intensit\u00e9 UV, ces unit\u00e9s offrent des performances constantes, une longue dur\u00e9e de vie des lampes et une protection fiable pour les syst\u00e8mes de traitement de l\u2019eau r\u00e9sidentiels, commerciaux et industriels.<\/p>\n","protected":false},"excerpt":{"rendered":"<p>Les syst\u00e8mes de traitement de l\u2019eau par UV sont con\u00e7us pour assurer une d\u00e9sinfection sans produits chimiques en utilisant la lumi\u00e8re ultraviolette (UV-C) afin de d\u00e9sactiver les bact\u00e9ries, les virus et les micro-organismes pr\u00e9sents dans l\u2019eau. Lorsque l\u2019eau traverse la chambre UV, la lumi\u00e8re UV de haute intensit\u00e9 p\u00e9n\u00e8tre dans les cellules microbiennes, perturbant leur &#8230; <a title=\"TRAITEMENT DE L\u2019EAU PAR UV\" class=\"read-more\" href=\"https:\/\/albanywater.com\/fr\/produit\/traitement-de-leau-par-uv\/\" aria-label=\"En savoir plus sur TRAITEMENT DE L\u2019EAU PAR UV\">Lire la suite<\/a><\/p>\n","protected":false},"featured_media":8744,"template":"","meta":{"_acf_changed":false,"slim_seo":{"title":"TRAITEMENT DE L\u2019EAU PAR UV - Albany Water System","description":"Les syst\u00e8mes de traitement de l\u2019eau par UV sont con\u00e7us pour assurer une d\u00e9sinfection sans produits chimiques en utilisant la lumi\u00e8re ultraviolette (UV-C) afin d"}},"product_brand":[],"product_cat":[64],"product_tag":[],"class_list":{"0":"post-8457","1":"product","2":"type-product","3":"status-publish","4":"has-post-thumbnail","6":"product_cat-traitement-de-leau-par-uv","8":"first","9":"instock","10":"shipping-taxable","11":"product-type-simple"},"acf":[],"_links":{"self":[{"href":"https:\/\/albanywater.com\/fr\/wp-json\/wp\/v2\/product\/8457","targetHints":{"allow":["GET"]}}],"collection":[{"href":"https:\/\/albanywater.com\/fr\/wp-json\/wp\/v2\/product"}],"about":[{"href":"https:\/\/albanywater.com\/fr\/wp-json\/wp\/v2\/types\/product"}],"wp:featuredmedia":[{"embeddable":true,"href":"https:\/\/albanywater.com\/fr\/wp-json\/wp\/v2\/media\/8744"}],"wp:attachment":[{"href":"https:\/\/albanywater.com\/fr\/wp-json\/wp\/v2\/media?parent=8457"}],"wp:term":[{"taxonomy":"product_brand","embeddable":true,"href":"https:\/\/albanywater.com\/fr\/wp-json\/wp\/v2\/product_brand?post=8457"},{"taxonomy":"product_cat","embeddable":true,"href":"https:\/\/albanywater.com\/fr\/wp-json\/wp\/v2\/product_cat?post=8457"},{"taxonomy":"product_tag","embeddable":true,"href":"https:\/\/albanywater.com\/fr\/wp-json\/wp\/v2\/product_tag?post=8457"}],"curies":[{"name":"wp","href":"https:\/\/api.w.org\/{rel}","templated":true}]}}