{"id":8458,"date":"2025-11-05T04:41:36","date_gmt":"2025-11-05T04:41:36","guid":{"rendered":"https:\/\/albanywater.com\/product\/moniteur-dozone\/"},"modified":"2025-11-05T04:41:36","modified_gmt":"2025-11-05T04:41:36","slug":"moniteur-dozone","status":"publish","type":"product","link":"https:\/\/albanywater.com\/fr\/produit\/moniteur-dozone\/","title":{"rendered":"MONITEUR D&rsquo;OZONE"},"content":{"rendered":"<p>Les moniteurs d&rsquo;ozone sont des instruments de pr\u00e9cision con\u00e7us pour mesurer et afficher les niveaux de concentration d&rsquo;ozone dans l&rsquo;air ou l&rsquo;eau afin de garantir une performance de d\u00e9sinfection s\u00fbre et efficace. Ils assurent une surveillance continue et en temps r\u00e9el de la production d&rsquo;ozone et des niveaux r\u00e9siduels, contribuant ainsi \u00e0 maintenir une efficacit\u00e9 de traitement et une s\u00e9curit\u00e9 optimales dans les applications de traitement de l&rsquo;eau, d&#8217;embouteillage, de piscine et de processus industriels. Construits avec des capteurs de haute sensibilit\u00e9 et une \u00e9lectronique num\u00e9rique, les moniteurs d&rsquo;ozone Albany offrent une r\u00e9ponse rapide, une grande pr\u00e9cision et une stabilit\u00e9 \u00e0 long terme. Ils sont disponibles en mod\u00e8les muraux ou mont\u00e9s sur panneau, avec des sorties analogiques (4\u201320 mA) ou num\u00e9riques (Modbus) pour une int\u00e9gration facile avec les automates programmables ou les panneaux de commande. Fabriqu\u00e9s \u00e0 partir de mat\u00e9riaux r\u00e9sistants \u00e0 la corrosion, adapt\u00e9s aux environnements difficiles, ces moniteurs comprennent des alarmes r\u00e9glables, des options d&rsquo;\u00e9talonnage et des indicateurs d&rsquo;affichage, offrant une d\u00e9tection fiable de l&rsquo;ozone, une protection du syst\u00e8me et une conformit\u00e9 aux normes de s\u00e9curit\u00e9.<\/p>\n","protected":false},"excerpt":{"rendered":"<p>Les moniteurs d&rsquo;ozone sont des instruments de pr\u00e9cision con\u00e7us pour mesurer et afficher les niveaux de concentration d&rsquo;ozone dans l&rsquo;air ou l&rsquo;eau afin de garantir une performance de d\u00e9sinfection s\u00fbre et efficace. Ils assurent une surveillance continue et en temps r\u00e9el de la production d&rsquo;ozone et des niveaux r\u00e9siduels, contribuant ainsi \u00e0 maintenir une efficacit\u00e9 &#8230; <a title=\"MONITEUR D&rsquo;OZONE\" class=\"read-more\" href=\"https:\/\/albanywater.com\/fr\/produit\/moniteur-dozone\/\" aria-label=\"En savoir plus sur MONITEUR D&rsquo;OZONE\">Lire la suite<\/a><\/p>\n","protected":false},"featured_media":8746,"template":"","meta":{"_acf_changed":false,"slim_seo":{"title":"MONITEUR D'OZONE - Albany Water System","description":"Les moniteurs d'ozone sont des instruments de pr\u00e9cision con\u00e7us pour mesurer et afficher les niveaux de concentration d'ozone dans l'air ou l'eau afin de garanti"}},"product_brand":[],"product_cat":[65],"product_tag":[],"class_list":{"0":"post-8458","1":"product","2":"type-product","3":"status-publish","4":"has-post-thumbnail","6":"product_cat-ozone","8":"first","9":"instock","10":"shipping-taxable","11":"product-type-simple"},"acf":[],"_links":{"self":[{"href":"https:\/\/albanywater.com\/fr\/wp-json\/wp\/v2\/product\/8458","targetHints":{"allow":["GET"]}}],"collection":[{"href":"https:\/\/albanywater.com\/fr\/wp-json\/wp\/v2\/product"}],"about":[{"href":"https:\/\/albanywater.com\/fr\/wp-json\/wp\/v2\/types\/product"}],"wp:featuredmedia":[{"embeddable":true,"href":"https:\/\/albanywater.com\/fr\/wp-json\/wp\/v2\/media\/8746"}],"wp:attachment":[{"href":"https:\/\/albanywater.com\/fr\/wp-json\/wp\/v2\/media?parent=8458"}],"wp:term":[{"taxonomy":"product_brand","embeddable":true,"href":"https:\/\/albanywater.com\/fr\/wp-json\/wp\/v2\/product_brand?post=8458"},{"taxonomy":"product_cat","embeddable":true,"href":"https:\/\/albanywater.com\/fr\/wp-json\/wp\/v2\/product_cat?post=8458"},{"taxonomy":"product_tag","embeddable":true,"href":"https:\/\/albanywater.com\/fr\/wp-json\/wp\/v2\/product_tag?post=8458"}],"curies":[{"name":"wp","href":"https:\/\/api.w.org\/{rel}","templated":true}]}}