{"id":8463,"date":"2025-11-05T04:39:09","date_gmt":"2025-11-05T04:39:09","guid":{"rendered":"https:\/\/albanywater.com\/product\/transmetteur-de-pression\/"},"modified":"2025-11-10T15:32:49","modified_gmt":"2025-11-10T15:32:49","slug":"transmetteur-de-pression","status":"publish","type":"product","link":"https:\/\/albanywater.com\/fr\/produit\/transmetteur-de-pression\/","title":{"rendered":"TRANSMETTEUR DE PRESSION"},"content":{"rendered":"<p>Les transmetteurs de pression sont des dispositifs de d\u00e9tection de haute pr\u00e9cision con\u00e7us pour mesurer et transmettre en temps r\u00e9el les relev\u00e9s de pression dans les syst\u00e8mes d&rsquo;eau, d&rsquo;eaux us\u00e9es et de traitement. Ils convertissent la pression du syst\u00e8me en un signal \u00e9lectrique proportionnel (g\u00e9n\u00e9ralement 4-20 mA) pour la surveillance et le contr\u00f4le via les syst\u00e8mes PLC, SCADA ou GTB. Id\u00e9aux pour les skids de surpression, les syst\u00e8mes de filtration, les installations d&rsquo;osmose inverse et les syst\u00e8mes de dosage chimique, ils assurent un contr\u00f4le pr\u00e9cis et la s\u00e9curit\u00e9 du syst\u00e8me. Fabriqu\u00e9s en acier inoxydable ou en alliages r\u00e9sistants \u00e0 la corrosion, les transmetteurs de pression Albany sont con\u00e7us pour une stabilit\u00e9 et une durabilit\u00e9 \u00e0 long terme, m\u00eame dans des environnements difficiles. Ils pr\u00e9sentent des conceptions compactes, une haute sensibilit\u00e9 et de larges plages de pression, avec des options pour la mesure de pression relative, absolue ou diff\u00e9rentielle. Faciles \u00e0 installer et \u00e0 entretenir, ces transmetteurs offrent des performances fiables, une excellente r\u00e9p\u00e9tabilit\u00e9 et un retour pr\u00e9cis de la pression, ce qui en fait des composants essentiels pour les syst\u00e8mes automatis\u00e9s de contr\u00f4le de l&rsquo;eau et des processus.<\/p>\n","protected":false},"excerpt":{"rendered":"<p>Les transmetteurs de pression sont des dispositifs de d\u00e9tection de haute pr\u00e9cision con\u00e7us pour mesurer et transmettre en temps r\u00e9el les relev\u00e9s de pression dans les syst\u00e8mes d&rsquo;eau, d&rsquo;eaux us\u00e9es et de traitement. Ils convertissent la pression du syst\u00e8me en un signal \u00e9lectrique proportionnel (g\u00e9n\u00e9ralement 4-20 mA) pour la surveillance et le contr\u00f4le via les &#8230; <a title=\"TRANSMETTEUR DE PRESSION\" class=\"read-more\" href=\"https:\/\/albanywater.com\/fr\/produit\/transmetteur-de-pression\/\" aria-label=\"En savoir plus sur TRANSMETTEUR DE PRESSION\">Lire la suite<\/a><\/p>\n","protected":false},"featured_media":8748,"template":"","meta":{"_acf_changed":false,"slim_seo":{"title":"TRANSMETTEUR DE PRESSION - Albany Water System","description":"Les transmetteurs de pression sont des dispositifs de d\u00e9tection de haute pr\u00e9cision con\u00e7us pour mesurer et transmettre en temps r\u00e9el les relev\u00e9s de pression dans"}},"product_brand":[],"product_cat":[66],"product_tag":[],"class_list":{"0":"post-8463","1":"product","2":"type-product","3":"status-publish","4":"has-post-thumbnail","6":"product_cat-accessoires","8":"first","9":"instock","10":"shipping-taxable","11":"product-type-simple"},"acf":[],"_links":{"self":[{"href":"https:\/\/albanywater.com\/fr\/wp-json\/wp\/v2\/product\/8463","targetHints":{"allow":["GET"]}}],"collection":[{"href":"https:\/\/albanywater.com\/fr\/wp-json\/wp\/v2\/product"}],"about":[{"href":"https:\/\/albanywater.com\/fr\/wp-json\/wp\/v2\/types\/product"}],"wp:featuredmedia":[{"embeddable":true,"href":"https:\/\/albanywater.com\/fr\/wp-json\/wp\/v2\/media\/8748"}],"wp:attachment":[{"href":"https:\/\/albanywater.com\/fr\/wp-json\/wp\/v2\/media?parent=8463"}],"wp:term":[{"taxonomy":"product_brand","embeddable":true,"href":"https:\/\/albanywater.com\/fr\/wp-json\/wp\/v2\/product_brand?post=8463"},{"taxonomy":"product_cat","embeddable":true,"href":"https:\/\/albanywater.com\/fr\/wp-json\/wp\/v2\/product_cat?post=8463"},{"taxonomy":"product_tag","embeddable":true,"href":"https:\/\/albanywater.com\/fr\/wp-json\/wp\/v2\/product_tag?post=8463"}],"curies":[{"name":"wp","href":"https:\/\/api.w.org\/{rel}","templated":true}]}}