{"id":8468,"date":"2025-11-05T04:31:04","date_gmt":"2025-11-05T04:31:04","guid":{"rendered":"https:\/\/albanywater.com\/product\/filtre-a-sable\/"},"modified":"2025-11-05T04:31:04","modified_gmt":"2025-11-05T04:31:04","slug":"filtre-a-sable","status":"publish","type":"product","link":"https:\/\/albanywater.com\/fr\/produit\/filtre-a-sable\/","title":{"rendered":"FILTRE \u00c0 SABLE"},"content":{"rendered":"<p>Les filtres \u00e0 sable sont con\u00e7us pour \u00e9liminer les mati\u00e8res en suspension, la turbidit\u00e9 et les particules fines de l\u2019eau \u00e0 l\u2019aide d\u2019un lit de sable de silice ou de quartz gradu\u00e9. Lorsque l\u2019eau traverse le lit filtrant, les impuret\u00e9s sont pi\u00e9g\u00e9es dans les couches de sable, ce qui produit une eau propre, claire et de qualit\u00e9 constante. Ces filtres sont id\u00e9aux pour le traitement de l\u2019eau potable, les syst\u00e8mes d\u2019irrigation, la filtration des tours de refroidissement et les applications de r\u00e9utilisation de l\u2019eau de pluie ou des eaux grises. Fabriqu\u00e9s en PRF, en acier au carbone (rev\u00eatu d\u2019\u00e9poxy) ou en acier inoxydable, les filtres \u00e0 sable sont disponibles en configurations de lavage \u00e0 contre-courant manuelles, semi-automatiques ou enti\u00e8rement automatiques. Ils se caract\u00e9risent par une distribution uniforme du d\u00e9bit, une faible perte de pression et un entretien facile, avec des options pour les milieux multicouches (sable, anthracite, gravier) pour des performances am\u00e9lior\u00e9es. Con\u00e7us pour la durabilit\u00e9 et le fonctionnement continu, ces filtres offrent une efficacit\u00e9 \u00e9lev\u00e9e, une longue dur\u00e9e de vie et une filtration fiable dans les syst\u00e8mes commerciaux et industriels.<\/p>\n","protected":false},"excerpt":{"rendered":"<p>Les filtres \u00e0 sable sont con\u00e7us pour \u00e9liminer les mati\u00e8res en suspension, la turbidit\u00e9 et les particules fines de l\u2019eau \u00e0 l\u2019aide d\u2019un lit de sable de silice ou de quartz gradu\u00e9. Lorsque l\u2019eau traverse le lit filtrant, les impuret\u00e9s sont pi\u00e9g\u00e9es dans les couches de sable, ce qui produit une eau propre, claire et &#8230; <a title=\"FILTRE \u00c0 SABLE\" class=\"read-more\" href=\"https:\/\/albanywater.com\/fr\/produit\/filtre-a-sable\/\" aria-label=\"En savoir plus sur FILTRE \u00c0 SABLE\">Lire la suite<\/a><\/p>\n","protected":false},"featured_media":8757,"template":"","meta":{"_acf_changed":false,"slim_seo":{"title":"FILTRE \u00c0 SABLE - Albany Water System","description":"Les filtres \u00e0 sable sont con\u00e7us pour \u00e9liminer les mati\u00e8res en suspension, la turbidit\u00e9 et les particules fines de l\u2019eau \u00e0 l\u2019aide d\u2019un lit de sable de silice ou"}},"product_brand":[],"product_cat":[67],"product_tag":[],"class_list":{"0":"post-8468","1":"product","2":"type-product","3":"status-publish","4":"has-post-thumbnail","6":"product_cat-filtres","8":"first","9":"instock","10":"shipping-taxable","11":"product-type-simple"},"acf":[],"_links":{"self":[{"href":"https:\/\/albanywater.com\/fr\/wp-json\/wp\/v2\/product\/8468","targetHints":{"allow":["GET"]}}],"collection":[{"href":"https:\/\/albanywater.com\/fr\/wp-json\/wp\/v2\/product"}],"about":[{"href":"https:\/\/albanywater.com\/fr\/wp-json\/wp\/v2\/types\/product"}],"wp:featuredmedia":[{"embeddable":true,"href":"https:\/\/albanywater.com\/fr\/wp-json\/wp\/v2\/media\/8757"}],"wp:attachment":[{"href":"https:\/\/albanywater.com\/fr\/wp-json\/wp\/v2\/media?parent=8468"}],"wp:term":[{"taxonomy":"product_brand","embeddable":true,"href":"https:\/\/albanywater.com\/fr\/wp-json\/wp\/v2\/product_brand?post=8468"},{"taxonomy":"product_cat","embeddable":true,"href":"https:\/\/albanywater.com\/fr\/wp-json\/wp\/v2\/product_cat?post=8468"},{"taxonomy":"product_tag","embeddable":true,"href":"https:\/\/albanywater.com\/fr\/wp-json\/wp\/v2\/product_tag?post=8468"}],"curies":[{"name":"wp","href":"https:\/\/api.w.org\/{rel}","templated":true}]}}