{"id":8474,"date":"2025-11-05T04:43:42","date_gmt":"2025-11-05T04:43:42","guid":{"rendered":"https:\/\/albanywater.com\/product\/generateur-dozone\/"},"modified":"2025-11-05T04:43:42","modified_gmt":"2025-11-05T04:43:42","slug":"generateur-dozone","status":"publish","type":"product","link":"https:\/\/albanywater.com\/fr\/produit\/generateur-dozone\/","title":{"rendered":"G\u00c9N\u00c9RATEUR D&rsquo;OZONE"},"content":{"rendered":"<p>Les g\u00e9n\u00e9rateurs d&rsquo;ozone sont des unit\u00e9s de d\u00e9sinfection avanc\u00e9es con\u00e7ues pour produire du gaz ozone (O\u2083) pour une oxydation, st\u00e9rilisation et d\u00e9sodorisation efficaces dans les applications de traitement de l&rsquo;eau et de l&rsquo;air. L&rsquo;ozone est un agent oxydant puissant qui \u00e9limine les bact\u00e9ries, virus, compos\u00e9s organiques et odeurs sans laisser de r\u00e9sidus chimiques. Les g\u00e9n\u00e9rateurs d&rsquo;ozone Albany sont id\u00e9aux pour le traitement de l&rsquo;eau potable, la r\u00e9utilisation des eaux grises, les syst\u00e8mes de tours de refroidissement et les applications d&rsquo;eaux us\u00e9es industrielles. Construits avec des bo\u00eetiers en acier inoxydable de haute qualit\u00e9, ces g\u00e9n\u00e9rateurs offrent une production d&rsquo;ozone constante, une faible consommation d&rsquo;\u00e9nergie et une longue dur\u00e9e de vie des \u00e9lectrodes. Les mod\u00e8les sont disponibles en configurations refroidies par air ou par eau, avec concentrateurs d&rsquo;oxyg\u00e8ne int\u00e9gr\u00e9s, d\u00e9bitm\u00e8tres et verrouillages de s\u00e9curit\u00e9. Con\u00e7us pour un fonctionnement continu ou automatique, les g\u00e9n\u00e9rateurs d&rsquo;ozone Albany assurent une d\u00e9sinfection efficace, un entretien minimal et des performances fiables, offrant une solution durable et sans produits chimiques pour les syst\u00e8mes de traitement d&rsquo;eau avanc\u00e9s.<\/p>\n","protected":false},"excerpt":{"rendered":"<p>Les g\u00e9n\u00e9rateurs d&rsquo;ozone sont des unit\u00e9s de d\u00e9sinfection avanc\u00e9es con\u00e7ues pour produire du gaz ozone (O\u2083) pour une oxydation, st\u00e9rilisation et d\u00e9sodorisation efficaces dans les applications de traitement de l&rsquo;eau et de l&rsquo;air. L&rsquo;ozone est un agent oxydant puissant qui \u00e9limine les bact\u00e9ries, virus, compos\u00e9s organiques et odeurs sans laisser de r\u00e9sidus chimiques. Les g\u00e9n\u00e9rateurs &#8230; <a title=\"G\u00c9N\u00c9RATEUR D&rsquo;OZONE\" class=\"read-more\" href=\"https:\/\/albanywater.com\/fr\/produit\/generateur-dozone\/\" aria-label=\"En savoir plus sur G\u00c9N\u00c9RATEUR D&rsquo;OZONE\">Lire la suite<\/a><\/p>\n","protected":false},"featured_media":8745,"template":"","meta":{"_acf_changed":false,"slim_seo":{"title":"G\u00c9N\u00c9RATEUR D'OZONE - Albany Water System","description":"Les g\u00e9n\u00e9rateurs d'ozone sont des unit\u00e9s de d\u00e9sinfection avanc\u00e9es con\u00e7ues pour produire du gaz ozone (O\u2083) pour une oxydation, st\u00e9rilisation et d\u00e9sodorisation eff"}},"product_brand":[],"product_cat":[65],"product_tag":[],"class_list":{"0":"post-8474","1":"product","2":"type-product","3":"status-publish","4":"has-post-thumbnail","6":"product_cat-ozone","8":"first","9":"instock","10":"shipping-taxable","11":"product-type-simple"},"acf":[],"_links":{"self":[{"href":"https:\/\/albanywater.com\/fr\/wp-json\/wp\/v2\/product\/8474","targetHints":{"allow":["GET"]}}],"collection":[{"href":"https:\/\/albanywater.com\/fr\/wp-json\/wp\/v2\/product"}],"about":[{"href":"https:\/\/albanywater.com\/fr\/wp-json\/wp\/v2\/types\/product"}],"wp:featuredmedia":[{"embeddable":true,"href":"https:\/\/albanywater.com\/fr\/wp-json\/wp\/v2\/media\/8745"}],"wp:attachment":[{"href":"https:\/\/albanywater.com\/fr\/wp-json\/wp\/v2\/media?parent=8474"}],"wp:term":[{"taxonomy":"product_brand","embeddable":true,"href":"https:\/\/albanywater.com\/fr\/wp-json\/wp\/v2\/product_brand?post=8474"},{"taxonomy":"product_cat","embeddable":true,"href":"https:\/\/albanywater.com\/fr\/wp-json\/wp\/v2\/product_cat?post=8474"},{"taxonomy":"product_tag","embeddable":true,"href":"https:\/\/albanywater.com\/fr\/wp-json\/wp\/v2\/product_tag?post=8474"}],"curies":[{"name":"wp","href":"https:\/\/api.w.org\/{rel}","templated":true}]}}