{"id":8480,"date":"2025-11-05T04:48:13","date_gmt":"2025-11-05T04:48:13","guid":{"rendered":"https:\/\/albanywater.com\/product\/systeme-oi\/"},"modified":"2025-11-05T04:48:13","modified_gmt":"2025-11-05T04:48:13","slug":"systeme-oi","status":"publish","type":"product","link":"https:\/\/albanywater.com\/fr\/produit\/systeme-oi\/","title":{"rendered":"SYST\u00c8ME OI"},"content":{"rendered":"<p>Les syst\u00e8mes d&rsquo;OI (osmose inverse) sont des unit\u00e9s avanc\u00e9es de purification de l&rsquo;eau con\u00e7ues pour \u00e9liminer les sels dissous, les min\u00e9raux et les impuret\u00e9s en for\u00e7ant l&rsquo;eau \u00e0 travers une membrane semi-perm\u00e9able. Ce processus s\u00e9pare les contaminants de l&rsquo;eau pure, produisant un perm\u00e9at de haute qualit\u00e9 adapt\u00e9 aux applications potables, de traitement ou de r\u00e9utilisation. Les syst\u00e8mes d&rsquo;OI d&rsquo;Albany sont id\u00e9aux pour les b\u00e2timents commerciaux, les usines industrielles, les laboratoires et les installations de traitement de l&rsquo;eau n\u00e9cessitant une puret\u00e9 et une fiabilit\u00e9 constantes. Construits avec des membranes \u00e0 haut rendement, des cuves sous pression en acier inoxydable ou en PRF et des tuyaux r\u00e9sistants \u00e0 la corrosion, les syst\u00e8mes d&rsquo;OI garantissent des taux de r\u00e9cup\u00e9ration \u00e9lev\u00e9s, une faible consommation d&rsquo;\u00e9nergie et une longue dur\u00e9e de vie des membranes. Chaque syst\u00e8me comprend une pr\u00e9filtration, un pompage \u00e0 haute pression, un rin\u00e7age automatique et une surveillance de la conductivit\u00e9 pour des performances optimales. Disponibles en configurations mont\u00e9es sur patins, modulaires ou conteneuris\u00e9es, ces syst\u00e8mes offrent une conception compacte, une maintenance facile et une qualit\u00e9 d&rsquo;eau sup\u00e9rieure, r\u00e9pondant aux normes exigeantes des applications modernes de purification de l&rsquo;eau.     <\/p>\n","protected":false},"excerpt":{"rendered":"<p>Les syst\u00e8mes d&rsquo;OI (osmose inverse) sont des unit\u00e9s avanc\u00e9es de purification de l&rsquo;eau con\u00e7ues pour \u00e9liminer les sels dissous, les min\u00e9raux et les impuret\u00e9s en for\u00e7ant l&rsquo;eau \u00e0 travers une membrane semi-perm\u00e9able. Ce processus s\u00e9pare les contaminants de l&rsquo;eau pure, produisant un perm\u00e9at de haute qualit\u00e9 adapt\u00e9 aux applications potables, de traitement ou de r\u00e9utilisation. &#8230; <a title=\"SYST\u00c8ME OI\" class=\"read-more\" href=\"https:\/\/albanywater.com\/fr\/produit\/systeme-oi\/\" aria-label=\"En savoir plus sur SYST\u00c8ME OI\">Lire la suite<\/a><\/p>\n","protected":false},"featured_media":8743,"template":"","meta":{"_acf_changed":false,"slim_seo":{"title":"SYST\u00c8ME OI - Albany Water System","description":"Les syst\u00e8mes d'OI (osmose inverse) sont des unit\u00e9s avanc\u00e9es de purification de l'eau con\u00e7ues pour \u00e9liminer les sels dissous, les min\u00e9raux et les impuret\u00e9s en fo"}},"product_brand":[],"product_cat":[69],"product_tag":[],"class_list":{"0":"post-8480","1":"product","2":"type-product","3":"status-publish","4":"has-post-thumbnail","6":"product_cat-systeme-doi","8":"first","9":"instock","10":"shipping-taxable","11":"product-type-simple"},"acf":[],"_links":{"self":[{"href":"https:\/\/albanywater.com\/fr\/wp-json\/wp\/v2\/product\/8480","targetHints":{"allow":["GET"]}}],"collection":[{"href":"https:\/\/albanywater.com\/fr\/wp-json\/wp\/v2\/product"}],"about":[{"href":"https:\/\/albanywater.com\/fr\/wp-json\/wp\/v2\/types\/product"}],"wp:featuredmedia":[{"embeddable":true,"href":"https:\/\/albanywater.com\/fr\/wp-json\/wp\/v2\/media\/8743"}],"wp:attachment":[{"href":"https:\/\/albanywater.com\/fr\/wp-json\/wp\/v2\/media?parent=8480"}],"wp:term":[{"taxonomy":"product_brand","embeddable":true,"href":"https:\/\/albanywater.com\/fr\/wp-json\/wp\/v2\/product_brand?post=8480"},{"taxonomy":"product_cat","embeddable":true,"href":"https:\/\/albanywater.com\/fr\/wp-json\/wp\/v2\/product_cat?post=8480"},{"taxonomy":"product_tag","embeddable":true,"href":"https:\/\/albanywater.com\/fr\/wp-json\/wp\/v2\/product_tag?post=8480"}],"curies":[{"name":"wp","href":"https:\/\/api.w.org\/{rel}","templated":true}]}}