{"id":8486,"date":"2025-11-05T04:29:14","date_gmt":"2025-11-05T04:29:14","guid":{"rendered":"https:\/\/albanywater.com\/product\/filtre-a-cartouche\/"},"modified":"2025-11-05T04:29:14","modified_gmt":"2025-11-05T04:29:14","slug":"filtre-a-cartouche","status":"publish","type":"product","link":"https:\/\/albanywater.com\/fr\/produit\/filtre-a-cartouche\/","title":{"rendered":"FILTRE \u00c0 CARTOUCHE"},"content":{"rendered":"<p>Les filtres \u00e0 cartouche sont des unit\u00e9s de filtration haute performance con\u00e7ues pour l\u2019\u00e9limination des particules fines, des s\u00e9diments et des impuret\u00e9s de l\u2019eau et des fluides de traitement. Utilisant des cartouches filtrantes rempla\u00e7ables, ils assurent une filtration pr\u00e9cise avec des seuils de filtration allant de 0,5 \u00e0 100 microns, garantissant une qualit\u00e9 d\u2019eau constante et une protection des \u00e9quipements en aval tels que les syst\u00e8mes d\u2019osmose inverse, les st\u00e9rilisateurs UV et les pompes. Fabriqu\u00e9s \u00e0 partir de bo\u00eetiers en PVC, en PRF, en acier au carbone ou en acier inoxydable (304\/316), les filtres \u00e0 cartouche conviennent aux applications industrielles et commerciales, notamment le traitement de l\u2019eau potable, les syst\u00e8mes de refroidissement, la r\u00e9utilisation de l\u2019eau de pluie et le traitement chimique. Ils sont disponibles en configurations \u00e0 une ou plusieurs cartouches avec des options de cartouches DOE, SOE ou filet\u00e9es. La conception offre un remplacement facile des \u00e9l\u00e9ments, une faible perte de charge et une capacit\u00e9 de r\u00e9tention des impuret\u00e9s \u00e9lev\u00e9e, offrant ainsi une performance de filtration efficace, fiable et rentable pour toutes les applications de syst\u00e8mes d\u2019eau.    <\/p>\n","protected":false},"excerpt":{"rendered":"<p>Les filtres \u00e0 cartouche sont des unit\u00e9s de filtration haute performance con\u00e7ues pour l\u2019\u00e9limination des particules fines, des s\u00e9diments et des impuret\u00e9s de l\u2019eau et des fluides de traitement. Utilisant des cartouches filtrantes rempla\u00e7ables, ils assurent une filtration pr\u00e9cise avec des seuils de filtration allant de 0,5 \u00e0 100 microns, garantissant une qualit\u00e9 d\u2019eau constante &#8230; <a title=\"FILTRE \u00c0 CARTOUCHE\" class=\"read-more\" href=\"https:\/\/albanywater.com\/fr\/produit\/filtre-a-cartouche\/\" aria-label=\"En savoir plus sur FILTRE \u00c0 CARTOUCHE\">Lire la suite<\/a><\/p>\n","protected":false},"featured_media":8760,"template":"","meta":{"_acf_changed":false,"slim_seo":{"title":"FILTRE \u00c0 CARTOUCHE - Albany Water System","description":"Les filtres \u00e0 cartouche sont des unit\u00e9s de filtration haute performance con\u00e7ues pour l\u2019\u00e9limination des particules fines, des s\u00e9diments et des impuret\u00e9s de l\u2019eau"}},"product_brand":[],"product_cat":[67],"product_tag":[],"class_list":{"0":"post-8486","1":"product","2":"type-product","3":"status-publish","4":"has-post-thumbnail","6":"product_cat-filtres","8":"first","9":"instock","10":"shipping-taxable","11":"product-type-simple"},"acf":[],"_links":{"self":[{"href":"https:\/\/albanywater.com\/fr\/wp-json\/wp\/v2\/product\/8486","targetHints":{"allow":["GET"]}}],"collection":[{"href":"https:\/\/albanywater.com\/fr\/wp-json\/wp\/v2\/product"}],"about":[{"href":"https:\/\/albanywater.com\/fr\/wp-json\/wp\/v2\/types\/product"}],"wp:featuredmedia":[{"embeddable":true,"href":"https:\/\/albanywater.com\/fr\/wp-json\/wp\/v2\/media\/8760"}],"wp:attachment":[{"href":"https:\/\/albanywater.com\/fr\/wp-json\/wp\/v2\/media?parent=8486"}],"wp:term":[{"taxonomy":"product_brand","embeddable":true,"href":"https:\/\/albanywater.com\/fr\/wp-json\/wp\/v2\/product_brand?post=8486"},{"taxonomy":"product_cat","embeddable":true,"href":"https:\/\/albanywater.com\/fr\/wp-json\/wp\/v2\/product_cat?post=8486"},{"taxonomy":"product_tag","embeddable":true,"href":"https:\/\/albanywater.com\/fr\/wp-json\/wp\/v2\/product_tag?post=8486"}],"curies":[{"name":"wp","href":"https:\/\/api.w.org\/{rel}","templated":true}]}}