{"id":8494,"date":"2025-11-05T04:29:55","date_gmt":"2025-11-05T04:29:55","guid":{"rendered":"https:\/\/albanywater.com\/product\/filtre-en-y\/"},"modified":"2025-11-10T15:33:10","modified_gmt":"2025-11-10T15:33:10","slug":"filtre-en-y","status":"publish","type":"product","link":"https:\/\/albanywater.com\/fr\/produit\/filtre-en-y\/","title":{"rendered":"FILTRE EN Y"},"content":{"rendered":"<p>Les filtres en Y sont des dispositifs de filtration durables et efficaces con\u00e7us pour \u00e9liminer les solides, les d\u00e9bris et les particules \u00e9trang\u00e8res des conduites de liquides, de gaz ou de vapeur, prot\u00e9geant ainsi les pompes, les vannes, les compteurs et autres \u00e9quipements en aval. En forme de \u00ab\u00a0Y\u00a0\u00bb, le corps du filtre permet le passage du fluide tout en pi\u00e9geant les particules ind\u00e9sirables dans un \u00e9l\u00e9ment de tamis amovible ou un \u00e9cran perfor\u00e9, assurant un flux r\u00e9gulier et une perte de pression minimale. Fabriqu\u00e9s en PVC, bronze, fonte, fonte ductile, acier au carbone ou acier inoxydable, les filtres en Y sont disponibles avec des raccords filet\u00e9s, \u00e0 brides ou \u00e0 embo\u00eetement pour r\u00e9pondre \u00e0 diverses exigences d&rsquo;installation. Ils sont \u00e9quip\u00e9s de ports de purge ou de vidange pour un nettoyage facile sans d\u00e9montage et conviennent aux syst\u00e8mes de traitement de l&rsquo;eau, d&rsquo;irrigation, de CVC et de traitement chimique. Con\u00e7us pour une haute durabilit\u00e9, une r\u00e9sistance \u00e0 la corrosion et un faible entretien, ces filtres assurent une longue dur\u00e9e de vie et une protection fiable dans les applications industrielles et commerciales.    <\/p>\n","protected":false},"excerpt":{"rendered":"<p>Les filtres en Y sont des dispositifs de filtration durables et efficaces con\u00e7us pour \u00e9liminer les solides, les d\u00e9bris et les particules \u00e9trang\u00e8res des conduites de liquides, de gaz ou de vapeur, prot\u00e9geant ainsi les pompes, les vannes, les compteurs et autres \u00e9quipements en aval. En forme de \u00ab\u00a0Y\u00a0\u00bb, le corps du filtre permet le &#8230; <a title=\"FILTRE EN Y\" class=\"read-more\" href=\"https:\/\/albanywater.com\/fr\/produit\/filtre-en-y\/\" aria-label=\"En savoir plus sur FILTRE EN Y\">Lire la suite<\/a><\/p>\n","protected":false},"featured_media":8759,"template":"","meta":{"_acf_changed":false,"slim_seo":{"title":"FILTRE EN Y - Albany Water System","description":"Les filtres en Y sont des dispositifs de filtration durables et efficaces con\u00e7us pour \u00e9liminer les solides, les d\u00e9bris et les particules \u00e9trang\u00e8res des conduite"}},"product_brand":[],"product_cat":[67],"product_tag":[],"class_list":{"0":"post-8494","1":"product","2":"type-product","3":"status-publish","4":"has-post-thumbnail","6":"product_cat-filtres","8":"first","9":"instock","10":"shipping-taxable","11":"product-type-simple"},"acf":[],"_links":{"self":[{"href":"https:\/\/albanywater.com\/fr\/wp-json\/wp\/v2\/product\/8494","targetHints":{"allow":["GET"]}}],"collection":[{"href":"https:\/\/albanywater.com\/fr\/wp-json\/wp\/v2\/product"}],"about":[{"href":"https:\/\/albanywater.com\/fr\/wp-json\/wp\/v2\/types\/product"}],"wp:featuredmedia":[{"embeddable":true,"href":"https:\/\/albanywater.com\/fr\/wp-json\/wp\/v2\/media\/8759"}],"wp:attachment":[{"href":"https:\/\/albanywater.com\/fr\/wp-json\/wp\/v2\/media?parent=8494"}],"wp:term":[{"taxonomy":"product_brand","embeddable":true,"href":"https:\/\/albanywater.com\/fr\/wp-json\/wp\/v2\/product_brand?post=8494"},{"taxonomy":"product_cat","embeddable":true,"href":"https:\/\/albanywater.com\/fr\/wp-json\/wp\/v2\/product_cat?post=8494"},{"taxonomy":"product_tag","embeddable":true,"href":"https:\/\/albanywater.com\/fr\/wp-json\/wp\/v2\/product_tag?post=8494"}],"curies":[{"name":"wp","href":"https:\/\/api.w.org\/{rel}","templated":true}]}}