{"id":8499,"date":"2025-11-05T04:30:30","date_gmt":"2025-11-05T04:30:30","guid":{"rendered":"https:\/\/albanywater.com\/product\/filtres-flottants\/"},"modified":"2025-11-05T04:30:30","modified_gmt":"2025-11-05T04:30:30","slug":"filtres-flottants","status":"publish","type":"product","link":"https:\/\/albanywater.com\/fr\/produit\/filtres-flottants\/","title":{"rendered":"FILTRES FLOTTANTS"},"content":{"rendered":"<p>Les filtres flottants Albany sont des unit\u00e9s de filtration innovantes con\u00e7ues pour \u00e9liminer les mati\u00e8res en suspension, les huiles et les impuret\u00e9s de surface de l\u2019eau \u00e0 l\u2019aide d\u2019un lit filtrant flottant. Contrairement aux filtres conventionnels, la couche filtrante reste flottante, ce qui permet \u00e0 la filtration de se produire de bas en haut, am\u00e9liorant ainsi l\u2019efficacit\u00e9 et emp\u00eachant le colmatage. Ces filtres sont id\u00e9aux pour le traitement tertiaire, le polissage et les syst\u00e8mes de r\u00e9utilisation o\u00f9 un effluent de haute qualit\u00e9 est requis. Fabriqu\u00e9s \u00e0 partir de mat\u00e9riaux durables tels que le PRF, l\u2019acier inoxydable ou le PEHD, les filtres flottants Albany sont dot\u00e9s d\u2019un lavage \u00e0 contre-courant automatique, d\u2019une faible perte de charge et d\u2019une performance de filtration uniforme. Ils sont largement utilis\u00e9s dans le traitement des eaux us\u00e9es, le recyclage des eaux grises, la r\u00e9cup\u00e9ration de l\u2019eau de pluie et les syst\u00e8mes de proc\u00e9d\u00e9s industriels. Gr\u00e2ce \u00e0 leur conception compacte, \u00e0 leur faible entretien et \u00e0 leur capacit\u00e9 de filtration \u00e9lev\u00e9e, ces filtres offrent une solution efficace, rentable et durable pour les applications de traitement avanc\u00e9 de l\u2019eau.<\/p>\n","protected":false},"excerpt":{"rendered":"<p>Les filtres flottants Albany sont des unit\u00e9s de filtration innovantes con\u00e7ues pour \u00e9liminer les mati\u00e8res en suspension, les huiles et les impuret\u00e9s de surface de l\u2019eau \u00e0 l\u2019aide d\u2019un lit filtrant flottant. Contrairement aux filtres conventionnels, la couche filtrante reste flottante, ce qui permet \u00e0 la filtration de se produire de bas en haut, am\u00e9liorant &#8230; <a title=\"FILTRES FLOTTANTS\" class=\"read-more\" href=\"https:\/\/albanywater.com\/fr\/produit\/filtres-flottants\/\" aria-label=\"En savoir plus sur FILTRES FLOTTANTS\">Lire la suite<\/a><\/p>\n","protected":false},"featured_media":8758,"template":"","meta":{"_acf_changed":false,"slim_seo":{"title":"FILTRES FLOTTANTS - Albany Water System","description":"Les filtres flottants Albany sont des unit\u00e9s de filtration innovantes con\u00e7ues pour \u00e9liminer les mati\u00e8res en suspension, les huiles et les impuret\u00e9s de surface d"}},"product_brand":[],"product_cat":[67],"product_tag":[],"class_list":{"0":"post-8499","1":"product","2":"type-product","3":"status-publish","4":"has-post-thumbnail","6":"product_cat-filtres","8":"first","9":"instock","10":"shipping-taxable","11":"product-type-simple"},"acf":[],"_links":{"self":[{"href":"https:\/\/albanywater.com\/fr\/wp-json\/wp\/v2\/product\/8499","targetHints":{"allow":["GET"]}}],"collection":[{"href":"https:\/\/albanywater.com\/fr\/wp-json\/wp\/v2\/product"}],"about":[{"href":"https:\/\/albanywater.com\/fr\/wp-json\/wp\/v2\/types\/product"}],"wp:featuredmedia":[{"embeddable":true,"href":"https:\/\/albanywater.com\/fr\/wp-json\/wp\/v2\/media\/8758"}],"wp:attachment":[{"href":"https:\/\/albanywater.com\/fr\/wp-json\/wp\/v2\/media?parent=8499"}],"wp:term":[{"taxonomy":"product_brand","embeddable":true,"href":"https:\/\/albanywater.com\/fr\/wp-json\/wp\/v2\/product_brand?post=8499"},{"taxonomy":"product_cat","embeddable":true,"href":"https:\/\/albanywater.com\/fr\/wp-json\/wp\/v2\/product_cat?post=8499"},{"taxonomy":"product_tag","embeddable":true,"href":"https:\/\/albanywater.com\/fr\/wp-json\/wp\/v2\/product_tag?post=8499"}],"curies":[{"name":"wp","href":"https:\/\/api.w.org\/{rel}","templated":true}]}}