{"id":8502,"date":"2025-11-05T04:32:10","date_gmt":"2025-11-05T04:32:10","guid":{"rendered":"https:\/\/albanywater.com\/product\/filtre-a-poche\/"},"modified":"2025-11-05T04:32:10","modified_gmt":"2025-11-05T04:32:10","slug":"filtre-a-poche","status":"publish","type":"product","link":"https:\/\/albanywater.com\/fr\/produit\/filtre-a-poche\/","title":{"rendered":"FILTRE \u00c0 POCHE"},"content":{"rendered":"<p>Les filtres \u00e0 poche sont des unit\u00e9s de filtration \u00e0 haute capacit\u00e9 con\u00e7ues pour \u00e9liminer les solides en suspension, les s\u00e9diments et les fines impuret\u00e9s de l&rsquo;eau et des fluides de process. Utilisant un \u00e9l\u00e9ment filtrant rempla\u00e7able, ils assurent une filtration efficace avec une grande capacit\u00e9 de r\u00e9tention des impuret\u00e9s et une faible perte de charge, ce qui les rend id\u00e9aux pour le pr\u00e9traitement, la protection des process et le polissage post-filtration dans les syst\u00e8mes de traitement d&rsquo;eau. Fabriqu\u00e9s avec des bo\u00eetiers en PRF, en acier au carbone (rev\u00eatu d&rsquo;\u00e9poxy) ou en acier inoxydable (304\/316), les filtres \u00e0 poche sont disponibles en configurations simple ou multi-poches avec des seuils de filtration de 1 \u00e0 200 \u00b5m. Ils sont \u00e9quip\u00e9s de couvercles \u00e0 ouverture rapide, de supports de panier et d&rsquo;un acc\u00e8s facile pour l&rsquo;entretien, garantissant un fonctionnement fiable et un temps d&rsquo;arr\u00eat minimal. Adapt\u00e9s au traitement des eaux industrielles, \u00e0 la r\u00e9utilisation des eaux pluviales, aux syst\u00e8mes de refroidissement et au traitement chimique, ces filtres offrent des performances robustes, une polyvalence et une longue dur\u00e9e de vie dans des conditions exigeantes.    <\/p>\n","protected":false},"excerpt":{"rendered":"<p>Les filtres \u00e0 poche sont des unit\u00e9s de filtration \u00e0 haute capacit\u00e9 con\u00e7ues pour \u00e9liminer les solides en suspension, les s\u00e9diments et les fines impuret\u00e9s de l&rsquo;eau et des fluides de process. Utilisant un \u00e9l\u00e9ment filtrant rempla\u00e7able, ils assurent une filtration efficace avec une grande capacit\u00e9 de r\u00e9tention des impuret\u00e9s et une faible perte de &#8230; <a title=\"FILTRE \u00c0 POCHE\" class=\"read-more\" href=\"https:\/\/albanywater.com\/fr\/produit\/filtre-a-poche\/\" aria-label=\"En savoir plus sur FILTRE \u00c0 POCHE\">Lire la suite<\/a><\/p>\n","protected":false},"featured_media":8756,"template":"","meta":{"_acf_changed":false,"slim_seo":{"title":"FILTRE \u00c0 POCHE - Albany Water System","description":"Les filtres \u00e0 poche sont des unit\u00e9s de filtration \u00e0 haute capacit\u00e9 con\u00e7ues pour \u00e9liminer les solides en suspension, les s\u00e9diments et les fines impuret\u00e9s de l'ea"}},"product_brand":[],"product_cat":[67],"product_tag":[],"class_list":{"0":"post-8502","1":"product","2":"type-product","3":"status-publish","4":"has-post-thumbnail","6":"product_cat-filtres","8":"first","9":"instock","10":"shipping-taxable","11":"product-type-simple"},"acf":[],"_links":{"self":[{"href":"https:\/\/albanywater.com\/fr\/wp-json\/wp\/v2\/product\/8502","targetHints":{"allow":["GET"]}}],"collection":[{"href":"https:\/\/albanywater.com\/fr\/wp-json\/wp\/v2\/product"}],"about":[{"href":"https:\/\/albanywater.com\/fr\/wp-json\/wp\/v2\/types\/product"}],"wp:featuredmedia":[{"embeddable":true,"href":"https:\/\/albanywater.com\/fr\/wp-json\/wp\/v2\/media\/8756"}],"wp:attachment":[{"href":"https:\/\/albanywater.com\/fr\/wp-json\/wp\/v2\/media?parent=8502"}],"wp:term":[{"taxonomy":"product_brand","embeddable":true,"href":"https:\/\/albanywater.com\/fr\/wp-json\/wp\/v2\/product_brand?post=8502"},{"taxonomy":"product_cat","embeddable":true,"href":"https:\/\/albanywater.com\/fr\/wp-json\/wp\/v2\/product_cat?post=8502"},{"taxonomy":"product_tag","embeddable":true,"href":"https:\/\/albanywater.com\/fr\/wp-json\/wp\/v2\/product_tag?post=8502"}],"curies":[{"name":"wp","href":"https:\/\/api.w.org\/{rel}","templated":true}]}}