{"id":8505,"date":"2025-11-05T04:32:49","date_gmt":"2025-11-05T04:32:49","guid":{"rendered":"https:\/\/albanywater.com\/product\/crepine-a-panier\/"},"modified":"2025-11-05T04:32:49","modified_gmt":"2025-11-05T04:32:49","slug":"crepine-a-panier","status":"publish","type":"product","link":"https:\/\/albanywater.com\/fr\/produit\/crepine-a-panier\/","title":{"rendered":"CR\u00c9PINE \u00c0 PANIER"},"content":{"rendered":"<p>Les cr\u00e9pines \u00e0 panier Albany sont des dispositifs de filtration robustes con\u00e7us pour prot\u00e9ger les pompes, vannes, compteurs et \u00e9quipements en aval en \u00e9liminant les gros solides et d\u00e9bris des eaux et fluides de proc\u00e9d\u00e9. Dot\u00e9es d&rsquo;un panier profond en acier inoxydable perfor\u00e9 ou \u00e0 mailles, ces cr\u00e9pines offrent une grande surface de filtration pour une capacit\u00e9 de r\u00e9tention \u00e9lev\u00e9e avec une perte de charge minimale. Elles sont id\u00e9ales pour les syst\u00e8mes d&rsquo;eau industriels, circuits de refroidissement, traitement des eaux us\u00e9es et conduites d&rsquo;aspiration de pompes. Fabriqu\u00e9es en fonte, acier au carbone ou acier inoxydable, les cr\u00e9pines \u00e0 panier Albany sont disponibles avec raccords \u00e0 brides ou filet\u00e9s et peuvent \u00eatre fournies avec bouchons de vidange, ports de pression diff\u00e9rentielle ou couvercles \u00e0 ouverture rapide pour un nettoyage et une maintenance faciles. Leur conception robuste et leurs mat\u00e9riaux r\u00e9sistants \u00e0 la corrosion garantissent une longue dur\u00e9e de service, une protection fiable et des performances syst\u00e8me efficaces dans les applications de traitement d&rsquo;eau commerciales et industrielles.    <\/p>\n","protected":false},"excerpt":{"rendered":"<p>Les cr\u00e9pines \u00e0 panier Albany sont des dispositifs de filtration robustes con\u00e7us pour prot\u00e9ger les pompes, vannes, compteurs et \u00e9quipements en aval en \u00e9liminant les gros solides et d\u00e9bris des eaux et fluides de proc\u00e9d\u00e9. Dot\u00e9es d&rsquo;un panier profond en acier inoxydable perfor\u00e9 ou \u00e0 mailles, ces cr\u00e9pines offrent une grande surface de filtration pour &#8230; <a title=\"CR\u00c9PINE \u00c0 PANIER\" class=\"read-more\" href=\"https:\/\/albanywater.com\/fr\/produit\/crepine-a-panier\/\" aria-label=\"En savoir plus sur CR\u00c9PINE \u00c0 PANIER\">Lire la suite<\/a><\/p>\n","protected":false},"featured_media":8755,"template":"","meta":{"_acf_changed":false,"slim_seo":{"title":"CR\u00c9PINE \u00c0 PANIER - Albany Water System","description":"Les cr\u00e9pines \u00e0 panier Albany sont des dispositifs de filtration robustes con\u00e7us pour prot\u00e9ger les pompes, vannes, compteurs et \u00e9quipements en aval en \u00e9liminant"}},"product_brand":[],"product_cat":[67],"product_tag":[],"class_list":{"0":"post-8505","1":"product","2":"type-product","3":"status-publish","4":"has-post-thumbnail","6":"product_cat-filtres","8":"first","9":"instock","10":"shipping-taxable","11":"product-type-simple"},"acf":[],"_links":{"self":[{"href":"https:\/\/albanywater.com\/fr\/wp-json\/wp\/v2\/product\/8505","targetHints":{"allow":["GET"]}}],"collection":[{"href":"https:\/\/albanywater.com\/fr\/wp-json\/wp\/v2\/product"}],"about":[{"href":"https:\/\/albanywater.com\/fr\/wp-json\/wp\/v2\/types\/product"}],"wp:featuredmedia":[{"embeddable":true,"href":"https:\/\/albanywater.com\/fr\/wp-json\/wp\/v2\/media\/8755"}],"wp:attachment":[{"href":"https:\/\/albanywater.com\/fr\/wp-json\/wp\/v2\/media?parent=8505"}],"wp:term":[{"taxonomy":"product_brand","embeddable":true,"href":"https:\/\/albanywater.com\/fr\/wp-json\/wp\/v2\/product_brand?post=8505"},{"taxonomy":"product_cat","embeddable":true,"href":"https:\/\/albanywater.com\/fr\/wp-json\/wp\/v2\/product_cat?post=8505"},{"taxonomy":"product_tag","embeddable":true,"href":"https:\/\/albanywater.com\/fr\/wp-json\/wp\/v2\/product_tag?post=8505"}],"curies":[{"name":"wp","href":"https:\/\/api.w.org\/{rel}","templated":true}]}}