{"id":8511,"date":"2025-11-05T04:38:27","date_gmt":"2025-11-05T04:38:27","guid":{"rendered":"https:\/\/albanywater.com\/product\/transmetteur-de-niveau-ultrasonique\/"},"modified":"2025-11-05T04:38:27","modified_gmt":"2025-11-05T04:38:27","slug":"transmetteur-de-niveau-ultrasonique","status":"publish","type":"product","link":"https:\/\/albanywater.com\/fr\/produit\/transmetteur-de-niveau-ultrasonique\/","title":{"rendered":"TRANSMETTEUR DE NIVEAU ULTRASONIQUE"},"content":{"rendered":"<p>Les transmetteurs de niveau ultrasoniques Albany sont des dispositifs de d\u00e9tection avanc\u00e9s sans contact con\u00e7us pour mesurer avec pr\u00e9cision les niveaux de liquide en utilisant des ondes sonores ultrasoniques. Ils fonctionnent en \u00e9mettant des impulsions haute fr\u00e9quence vers la surface du liquide et en mesurant le temps n\u00e9cessaire au retour de l&rsquo;\u00e9cho, fournissant des lectures de niveau continues et fiables sans contact direct avec le fluide. Id\u00e9aux pour les r\u00e9servoirs de traitement d&rsquo;eau, les puisards, les r\u00e9servoirs et les syst\u00e8mes de stockage de produits chimiques, ils assurent une surveillance et un contr\u00f4le pr\u00e9cis du niveau. Construits avec des bo\u00eetiers r\u00e9sistants \u00e0 la corrosion et des enceintes \u00e9lectroniques \u00e9tanches, les transmetteurs de niveau ultrasoniques Albany conviennent aux applications d&rsquo;eau propre, d&rsquo;eaux us\u00e9es et de produits chimiques. Ils disposent de sorties 4\u201320 mA ou Modbus pour une int\u00e9gration facile avec les syst\u00e8mes PLC, SCADA ou BMS, ainsi que de r\u00e9glages de plage ajustables et d&rsquo;une compensation de temp\u00e9rature pour une pr\u00e9cision am\u00e9lior\u00e9e. Offrant un fonctionnement sans maintenance, une haute fiabilit\u00e9 et une longue dur\u00e9e de vie, ces transmetteurs constituent une solution parfaite pour la mesure de niveau sans contact et l&rsquo;automatisation des processus dans les syst\u00e8mes d&rsquo;eau modernes.<\/p>\n","protected":false},"excerpt":{"rendered":"<p>Les transmetteurs de niveau ultrasoniques Albany sont des dispositifs de d\u00e9tection avanc\u00e9s sans contact con\u00e7us pour mesurer avec pr\u00e9cision les niveaux de liquide en utilisant des ondes sonores ultrasoniques. Ils fonctionnent en \u00e9mettant des impulsions haute fr\u00e9quence vers la surface du liquide et en mesurant le temps n\u00e9cessaire au retour de l&rsquo;\u00e9cho, fournissant des lectures &#8230; <a title=\"TRANSMETTEUR DE NIVEAU ULTRASONIQUE\" class=\"read-more\" href=\"https:\/\/albanywater.com\/fr\/produit\/transmetteur-de-niveau-ultrasonique\/\" aria-label=\"En savoir plus sur TRANSMETTEUR DE NIVEAU ULTRASONIQUE\">Lire la suite<\/a><\/p>\n","protected":false},"featured_media":8749,"template":"","meta":{"_acf_changed":false,"slim_seo":{"title":"TRANSMETTEUR DE NIVEAU ULTRASONIQUE - Albany Water System","description":"Les transmetteurs de niveau ultrasoniques Albany sont des dispositifs de d\u00e9tection avanc\u00e9s sans contact con\u00e7us pour mesurer avec pr\u00e9cision les niveaux de liquid"}},"product_brand":[],"product_cat":[66],"product_tag":[],"class_list":{"0":"post-8511","1":"product","2":"type-product","3":"status-publish","4":"has-post-thumbnail","6":"product_cat-accessoires","8":"first","9":"instock","10":"shipping-taxable","11":"product-type-simple"},"acf":[],"_links":{"self":[{"href":"https:\/\/albanywater.com\/fr\/wp-json\/wp\/v2\/product\/8511","targetHints":{"allow":["GET"]}}],"collection":[{"href":"https:\/\/albanywater.com\/fr\/wp-json\/wp\/v2\/product"}],"about":[{"href":"https:\/\/albanywater.com\/fr\/wp-json\/wp\/v2\/types\/product"}],"wp:featuredmedia":[{"embeddable":true,"href":"https:\/\/albanywater.com\/fr\/wp-json\/wp\/v2\/media\/8749"}],"wp:attachment":[{"href":"https:\/\/albanywater.com\/fr\/wp-json\/wp\/v2\/media?parent=8511"}],"wp:term":[{"taxonomy":"product_brand","embeddable":true,"href":"https:\/\/albanywater.com\/fr\/wp-json\/wp\/v2\/product_brand?post=8511"},{"taxonomy":"product_cat","embeddable":true,"href":"https:\/\/albanywater.com\/fr\/wp-json\/wp\/v2\/product_cat?post=8511"},{"taxonomy":"product_tag","embeddable":true,"href":"https:\/\/albanywater.com\/fr\/wp-json\/wp\/v2\/product_tag?post=8511"}],"curies":[{"name":"wp","href":"https:\/\/api.w.org\/{rel}","templated":true}]}}