{"id":8513,"date":"2025-11-05T04:35:07","date_gmt":"2025-11-05T04:35:07","guid":{"rendered":"https:\/\/albanywater.com\/product\/reservoirs\/"},"modified":"2025-11-05T04:35:07","modified_gmt":"2025-11-05T04:35:07","slug":"reservoirs","status":"publish","type":"product","link":"https:\/\/albanywater.com\/fr\/produit\/reservoirs\/","title":{"rendered":"R\u00c9SERVOIRS"},"content":{"rendered":"<p>Les r\u00e9servoirs des syst\u00e8mes d&rsquo;eau sont con\u00e7us pour soutenir chaque \u00e9tape du processus de traitement de l&rsquo;eau \u2014 de la collecte d&rsquo;eau brute au stockage d&rsquo;eau trait\u00e9e et \u00e0 la manipulation des produits chimiques. Ces r\u00e9servoirs garantissent un fonctionnement fiable, un flux syst\u00e8me efficace et une qualit\u00e9 d&rsquo;eau constante pour les applications municipales, commerciales et industrielles. Les types courants comprennent les r\u00e9servoirs d&rsquo;eau brute, les bassins de d\u00e9cantation ou de clarification, les r\u00e9servoirs d&rsquo;eau filtr\u00e9e ou de produit, les r\u00e9servoirs de dosage chimique et les r\u00e9servoirs sous pression ou hydropneumatiques, chacun jouant un r\u00f4le essentiel dans le stockage, l&rsquo;\u00e9galisation ou la stabilisation des processus. Fabriqu\u00e9s \u00e0 partir de mat\u00e9riaux de haute qualit\u00e9 tels que la PRF, le PEHD, le PVC, l&rsquo;acier inoxydable et l&rsquo;acier au carbone rev\u00eatu d&rsquo;\u00e9poxy, les r\u00e9servoirs Albany sont r\u00e9sistants \u00e0 la corrosion, faciles \u00e0 entretenir et con\u00e7us pour une longue dur\u00e9e de vie. Les accessoires optionnels comprennent des capteurs de niveau, des syst\u00e8mes de m\u00e9lange et des trous d&rsquo;homme pour l&rsquo;inspection et l&rsquo;entretien. Ensemble, ces r\u00e9servoirs offrent une solution de stockage compl\u00e8te et fiable pour l&rsquo;eau brute, l&rsquo;eau trait\u00e9e, les eaux us\u00e9es et les solutions chimiques dans toutes les installations de traitement d&rsquo;eau et d&rsquo;eaux us\u00e9es.<\/p>\n","protected":false},"excerpt":{"rendered":"<p>Les r\u00e9servoirs des syst\u00e8mes d&rsquo;eau sont con\u00e7us pour soutenir chaque \u00e9tape du processus de traitement de l&rsquo;eau \u2014 de la collecte d&rsquo;eau brute au stockage d&rsquo;eau trait\u00e9e et \u00e0 la manipulation des produits chimiques. Ces r\u00e9servoirs garantissent un fonctionnement fiable, un flux syst\u00e8me efficace et une qualit\u00e9 d&rsquo;eau constante pour les applications municipales, commerciales et &#8230; <a title=\"R\u00c9SERVOIRS\" class=\"read-more\" href=\"https:\/\/albanywater.com\/fr\/produit\/reservoirs\/\" aria-label=\"En savoir plus sur R\u00c9SERVOIRS\">Lire la suite<\/a><\/p>\n","protected":false},"featured_media":8753,"template":"","meta":{"_acf_changed":false,"slim_seo":{"title":"R\u00c9SERVOIRS - Albany Water System","description":"Les r\u00e9servoirs des syst\u00e8mes d'eau sont con\u00e7us pour soutenir chaque \u00e9tape du processus de traitement de l'eau \u2014 de la collecte d'eau brute au stockage d'eau trai"}},"product_brand":[],"product_cat":[70],"product_tag":[],"class_list":{"0":"post-8513","1":"product","2":"type-product","3":"status-publish","4":"has-post-thumbnail","6":"product_cat-reservoirs","8":"first","9":"instock","10":"shipping-taxable","11":"product-type-simple"},"acf":[],"_links":{"self":[{"href":"https:\/\/albanywater.com\/fr\/wp-json\/wp\/v2\/product\/8513","targetHints":{"allow":["GET"]}}],"collection":[{"href":"https:\/\/albanywater.com\/fr\/wp-json\/wp\/v2\/product"}],"about":[{"href":"https:\/\/albanywater.com\/fr\/wp-json\/wp\/v2\/types\/product"}],"wp:featuredmedia":[{"embeddable":true,"href":"https:\/\/albanywater.com\/fr\/wp-json\/wp\/v2\/media\/8753"}],"wp:attachment":[{"href":"https:\/\/albanywater.com\/fr\/wp-json\/wp\/v2\/media?parent=8513"}],"wp:term":[{"taxonomy":"product_brand","embeddable":true,"href":"https:\/\/albanywater.com\/fr\/wp-json\/wp\/v2\/product_brand?post=8513"},{"taxonomy":"product_cat","embeddable":true,"href":"https:\/\/albanywater.com\/fr\/wp-json\/wp\/v2\/product_cat?post=8513"},{"taxonomy":"product_tag","embeddable":true,"href":"https:\/\/albanywater.com\/fr\/wp-json\/wp\/v2\/product_tag?post=8513"}],"curies":[{"name":"wp","href":"https:\/\/api.w.org\/{rel}","templated":true}]}}