{"id":8514,"date":"2025-11-05T04:36:40","date_gmt":"2025-11-05T04:36:40","guid":{"rendered":"https:\/\/albanywater.com\/product\/interrupteur-mecanique\/"},"modified":"2025-11-10T15:33:32","modified_gmt":"2025-11-10T15:33:32","slug":"interrupteur-mecanique","status":"publish","type":"product","link":"https:\/\/albanywater.com\/fr\/produit\/interrupteur-mecanique\/","title":{"rendered":"INTERRUPTEUR M\u00c9CANIQUE"},"content":{"rendered":"<p>Ces interrupteurs \u00e0 flotteur de haute qualit\u00e9 sont con\u00e7us pour les charges de service des pompes. L&rsquo;interrupteur \u00e0 flotteur est normalement ouvert ou en mode pompage (le circuit est ferm\u00e9 lorsque le flotteur est \u00e9lev\u00e9). Le cordon du flotteur est destin\u00e9 \u00e0 \u00eatre fix\u00e9 \u00e0 un tuyau vertical \u00e0 l&rsquo;aide d&rsquo;un collier de serrage, d&rsquo;un serre-c\u00e2ble ou d&rsquo;un collier d&rsquo;attache. En option, le flotteur peut \u00eatre install\u00e9 avec un poids de c\u00e2ble comme point de pivot. Ce flotteur a des extr\u00e9mit\u00e9s d\u00e9nud\u00e9es, o\u00f9 les fils isol\u00e9s \u00e0 l&rsquo;int\u00e9rieur du c\u00e2ble sont destin\u00e9s \u00e0 \u00eatre raccord\u00e9s \u00e0 d&rsquo;autres composants du syst\u00e8me \u00e0 l&rsquo;int\u00e9rieur d&rsquo;une bo\u00eete de jonction.<\/p>\n","protected":false},"excerpt":{"rendered":"<p>Ces interrupteurs \u00e0 flotteur de haute qualit\u00e9 sont con\u00e7us pour les charges de service des pompes. L&rsquo;interrupteur \u00e0 flotteur est normalement ouvert ou en mode pompage (le circuit est ferm\u00e9 lorsque le flotteur est \u00e9lev\u00e9). Le cordon du flotteur est destin\u00e9 \u00e0 \u00eatre fix\u00e9 \u00e0 un tuyau vertical \u00e0 l&rsquo;aide d&rsquo;un collier de serrage, d&rsquo;un &#8230; <a title=\"INTERRUPTEUR M\u00c9CANIQUE\" class=\"read-more\" href=\"https:\/\/albanywater.com\/fr\/produit\/interrupteur-mecanique\/\" aria-label=\"En savoir plus sur INTERRUPTEUR M\u00c9CANIQUE\">Lire la suite<\/a><\/p>\n","protected":false},"featured_media":8751,"template":"","meta":{"_acf_changed":false,"slim_seo":{"title":"INTERRUPTEUR M\u00c9CANIQUE - Albany Water System","description":"Ces interrupteurs \u00e0 flotteur de haute qualit\u00e9 sont con\u00e7us pour les charges de service des pompes. L'interrupteur \u00e0 flotteur est normalement ouvert ou en mode po"}},"product_brand":[],"product_cat":[66],"product_tag":[],"class_list":{"0":"post-8514","1":"product","2":"type-product","3":"status-publish","4":"has-post-thumbnail","6":"product_cat-accessoires","8":"first","9":"instock","10":"shipping-taxable","11":"product-type-simple"},"acf":[],"_links":{"self":[{"href":"https:\/\/albanywater.com\/fr\/wp-json\/wp\/v2\/product\/8514","targetHints":{"allow":["GET"]}}],"collection":[{"href":"https:\/\/albanywater.com\/fr\/wp-json\/wp\/v2\/product"}],"about":[{"href":"https:\/\/albanywater.com\/fr\/wp-json\/wp\/v2\/types\/product"}],"wp:featuredmedia":[{"embeddable":true,"href":"https:\/\/albanywater.com\/fr\/wp-json\/wp\/v2\/media\/8751"}],"wp:attachment":[{"href":"https:\/\/albanywater.com\/fr\/wp-json\/wp\/v2\/media?parent=8514"}],"wp:term":[{"taxonomy":"product_brand","embeddable":true,"href":"https:\/\/albanywater.com\/fr\/wp-json\/wp\/v2\/product_brand?post=8514"},{"taxonomy":"product_cat","embeddable":true,"href":"https:\/\/albanywater.com\/fr\/wp-json\/wp\/v2\/product_cat?post=8514"},{"taxonomy":"product_tag","embeddable":true,"href":"https:\/\/albanywater.com\/fr\/wp-json\/wp\/v2\/product_tag?post=8514"}],"curies":[{"name":"wp","href":"https:\/\/api.w.org\/{rel}","templated":true}]}}