{"id":8517,"date":"2025-11-05T04:36:07","date_gmt":"2025-11-05T04:36:07","guid":{"rendered":"https:\/\/albanywater.com\/product\/debitmetre\/"},"modified":"2025-11-05T04:36:07","modified_gmt":"2025-11-05T04:36:07","slug":"debitmetre","status":"publish","type":"product","link":"https:\/\/albanywater.com\/fr\/produit\/debitmetre\/","title":{"rendered":"D\u00c9BITM\u00c8TRE"},"content":{"rendered":"<p>Les d\u00e9bitm\u00e8tres Albany sont des instruments de pr\u00e9cision con\u00e7us pour mesurer et surveiller le d\u00e9bit des liquides dans les syst\u00e8mes de traitement d&rsquo;eau, de process et de pompage. Ils fournissent des lectures pr\u00e9cises en temps r\u00e9el pour la mesure du d\u00e9bit, l&rsquo;\u00e9quilibrage du syst\u00e8me et le suivi des performances, contribuant ainsi \u00e0 assurer un fonctionnement efficace et un contr\u00f4le des processus. Disponibles en versions \u00e9lectromagn\u00e9tique, ultrasonique, \u00e0 turbine et m\u00e9canique, ces compteurs conviennent \u00e0 une large gamme d&rsquo;applications d&rsquo;eau propre et d&rsquo;eau sale. Fabriqu\u00e9s \u00e0 partir de mat\u00e9riaux durables tels que le PVC, l&rsquo;acier inoxydable ou le laiton, les d\u00e9bitm\u00e8tres Albany offrent une haute pr\u00e9cision, une faible perte de pression et une longue dur\u00e9e de vie. Ils peuvent \u00eatre \u00e9quip\u00e9s d&rsquo;afficheurs num\u00e9riques ou analogiques, de sorties \u00e0 impulsions et d&rsquo;une int\u00e9gration GTB\/API pour la surveillance \u00e0 distance. Id\u00e9aux pour les syst\u00e8mes de filtration, les skids de surpression, la r\u00e9utilisation des eaux pluviales et les syst\u00e8mes de dosage chimique, ces d\u00e9bitm\u00e8tres offrent des performances fiables, une installation facile et un entretien minimal dans les environnements industriels et commerciaux.     <\/p>\n","protected":false},"excerpt":{"rendered":"<p>Les d\u00e9bitm\u00e8tres Albany sont des instruments de pr\u00e9cision con\u00e7us pour mesurer et surveiller le d\u00e9bit des liquides dans les syst\u00e8mes de traitement d&rsquo;eau, de process et de pompage. Ils fournissent des lectures pr\u00e9cises en temps r\u00e9el pour la mesure du d\u00e9bit, l&rsquo;\u00e9quilibrage du syst\u00e8me et le suivi des performances, contribuant ainsi \u00e0 assurer un fonctionnement &#8230; <a title=\"D\u00c9BITM\u00c8TRE\" class=\"read-more\" href=\"https:\/\/albanywater.com\/fr\/produit\/debitmetre\/\" aria-label=\"En savoir plus sur D\u00c9BITM\u00c8TRE\">Lire la suite<\/a><\/p>\n","protected":false},"featured_media":8752,"template":"","meta":{"_acf_changed":false,"slim_seo":{"title":"D\u00c9BITM\u00c8TRE - Albany Water System","description":"Les d\u00e9bitm\u00e8tres Albany sont des instruments de pr\u00e9cision con\u00e7us pour mesurer et surveiller le d\u00e9bit des liquides dans les syst\u00e8mes de traitement d'eau, de proce"}},"product_brand":[],"product_cat":[66],"product_tag":[],"class_list":{"0":"post-8517","1":"product","2":"type-product","3":"status-publish","4":"has-post-thumbnail","6":"product_cat-accessoires","8":"first","9":"instock","10":"shipping-taxable","11":"product-type-simple"},"acf":[],"_links":{"self":[{"href":"https:\/\/albanywater.com\/fr\/wp-json\/wp\/v2\/product\/8517","targetHints":{"allow":["GET"]}}],"collection":[{"href":"https:\/\/albanywater.com\/fr\/wp-json\/wp\/v2\/product"}],"about":[{"href":"https:\/\/albanywater.com\/fr\/wp-json\/wp\/v2\/types\/product"}],"wp:featuredmedia":[{"embeddable":true,"href":"https:\/\/albanywater.com\/fr\/wp-json\/wp\/v2\/media\/8752"}],"wp:attachment":[{"href":"https:\/\/albanywater.com\/fr\/wp-json\/wp\/v2\/media?parent=8517"}],"wp:term":[{"taxonomy":"product_brand","embeddable":true,"href":"https:\/\/albanywater.com\/fr\/wp-json\/wp\/v2\/product_brand?post=8517"},{"taxonomy":"product_cat","embeddable":true,"href":"https:\/\/albanywater.com\/fr\/wp-json\/wp\/v2\/product_cat?post=8517"},{"taxonomy":"product_tag","embeddable":true,"href":"https:\/\/albanywater.com\/fr\/wp-json\/wp\/v2\/product_tag?post=8517"}],"curies":[{"name":"wp","href":"https:\/\/api.w.org\/{rel}","templated":true}]}}