{"id":8519,"date":"2025-11-05T04:33:39","date_gmt":"2025-11-05T04:33:39","guid":{"rendered":"https:\/\/albanywater.com\/product\/filtre-a-cartouche-compact\/"},"modified":"2025-11-05T04:33:39","modified_gmt":"2025-11-05T04:33:39","slug":"filtre-a-cartouche-compact","status":"publish","type":"product","link":"https:\/\/albanywater.com\/fr\/produit\/filtre-a-cartouche-compact\/","title":{"rendered":"FILTRE \u00c0 CARTOUCHE COMPACT"},"content":{"rendered":"<p>Les filtres \u00e0 cartouche compacts Albany sont des unit\u00e9s de filtration compactes con\u00e7ues pour les applications d&rsquo;eau et de fluides \u00e0 faible d\u00e9bit o\u00f9 l&rsquo;efficacit\u00e9 d&rsquo;espace et une filtration pr\u00e9cise sont requises. Utilisant des \u00e9l\u00e9ments de cartouche rempla\u00e7ables, ils \u00e9liminent efficacement les particules fines, les s\u00e9diments et les impuret\u00e9s, garantissant une eau propre pour les syst\u00e8mes de laboratoire, r\u00e9sidentiels et industriels de petite taille. Ces filtres sont id\u00e9aux pour la pr\u00e9filtration d&rsquo;osmose inverse, la protection des syst\u00e8mes UV et le traitement de l&rsquo;eau au point d&rsquo;utilisation. Construits avec des bo\u00eetiers en PVC, PP ou acier inoxydable (304\/316), les filtres \u00e0 cartouche compacts Albany sont disponibles pour des cartouches filtrantes standard ou haute efficacit\u00e9. Ils disposent de fermetures \u00e0 verrouillage par rotation ou \u00e0 bride faciles pour un remplacement rapide des cartouches, une faible perte de charge et une haute pr\u00e9cision de filtration. Compacts, durables et faciles \u00e0 entretenir, ces filtres offrent des performances constantes et une protection fiable pour les applications de traitement et de filtration d&rsquo;eau de plus petite taille.<\/p>\n","protected":false},"excerpt":{"rendered":"<p>Les filtres \u00e0 cartouche compacts Albany sont des unit\u00e9s de filtration compactes con\u00e7ues pour les applications d&rsquo;eau et de fluides \u00e0 faible d\u00e9bit o\u00f9 l&rsquo;efficacit\u00e9 d&rsquo;espace et une filtration pr\u00e9cise sont requises. Utilisant des \u00e9l\u00e9ments de cartouche rempla\u00e7ables, ils \u00e9liminent efficacement les particules fines, les s\u00e9diments et les impuret\u00e9s, garantissant une eau propre pour les &#8230; <a title=\"FILTRE \u00c0 CARTOUCHE COMPACT\" class=\"read-more\" href=\"https:\/\/albanywater.com\/fr\/produit\/filtre-a-cartouche-compact\/\" aria-label=\"En savoir plus sur FILTRE \u00c0 CARTOUCHE COMPACT\">Lire la suite<\/a><\/p>\n","protected":false},"featured_media":8754,"template":"","meta":{"_acf_changed":false,"slim_seo":{"title":"FILTRE \u00c0 CARTOUCHE COMPACT - Albany Water System","description":"Les filtres \u00e0 cartouche compacts Albany sont des unit\u00e9s de filtration compactes con\u00e7ues pour les applications d'eau et de fluides \u00e0 faible d\u00e9bit o\u00f9 l'efficacit\u00e9"}},"product_brand":[],"product_cat":[67],"product_tag":[],"class_list":{"0":"post-8519","1":"product","2":"type-product","3":"status-publish","4":"has-post-thumbnail","6":"product_cat-filtres","8":"first","9":"instock","10":"shipping-taxable","11":"product-type-simple"},"acf":[],"_links":{"self":[{"href":"https:\/\/albanywater.com\/fr\/wp-json\/wp\/v2\/product\/8519","targetHints":{"allow":["GET"]}}],"collection":[{"href":"https:\/\/albanywater.com\/fr\/wp-json\/wp\/v2\/product"}],"about":[{"href":"https:\/\/albanywater.com\/fr\/wp-json\/wp\/v2\/types\/product"}],"wp:featuredmedia":[{"embeddable":true,"href":"https:\/\/albanywater.com\/fr\/wp-json\/wp\/v2\/media\/8754"}],"wp:attachment":[{"href":"https:\/\/albanywater.com\/fr\/wp-json\/wp\/v2\/media?parent=8519"}],"wp:term":[{"taxonomy":"product_brand","embeddable":true,"href":"https:\/\/albanywater.com\/fr\/wp-json\/wp\/v2\/product_brand?post=8519"},{"taxonomy":"product_cat","embeddable":true,"href":"https:\/\/albanywater.com\/fr\/wp-json\/wp\/v2\/product_cat?post=8519"},{"taxonomy":"product_tag","embeddable":true,"href":"https:\/\/albanywater.com\/fr\/wp-json\/wp\/v2\/product_tag?post=8519"}],"curies":[{"name":"wp","href":"https:\/\/api.w.org\/{rel}","templated":true}]}}