{"id":8521,"date":"2025-11-05T04:24:31","date_gmt":"2025-11-05T04:24:31","guid":{"rendered":"https:\/\/albanywater.com\/product\/soupape-de-decharge\/"},"modified":"2025-11-05T04:24:31","modified_gmt":"2025-11-05T04:24:31","slug":"soupape-de-decharge","status":"publish","type":"product","link":"https:\/\/albanywater.com\/fr\/produit\/soupape-de-decharge\/","title":{"rendered":"SOUPAPE DE D\u00c9CHARGE"},"content":{"rendered":"<p>Les soupapes de d\u00e9charge sont con\u00e7ues pour prot\u00e9ger les pompes, les tuyauteries et les \u00e9quipements de traitement contre la surpression en lib\u00e9rant automatiquement l&rsquo;exc\u00e8s de pression du syst\u00e8me. Lorsque la pression du syst\u00e8me d\u00e9passe la limite pr\u00e9\u00e9tablie, la soupape s&rsquo;ouvre pour d\u00e9vier le fluide, maintenant ainsi des conditions de fonctionnement s\u00fbres et \u00e9vitant d&rsquo;endommager les composants critiques. Une fois la pression normale r\u00e9tablie, la soupape se r\u00e9initialise pour assurer un fonctionnement sans fuite. Fabriqu\u00e9es en laiton, acier inoxydable, fonte ou PVC, les soupapes de d\u00e9charge offrent une r\u00e9sistance \u00e0 la corrosion et une longue dur\u00e9e de vie dans une large gamme d&rsquo;applications, notamment le traitement de l&rsquo;eau, le transfert de fioul, le traitement chimique et les syst\u00e8mes de surpression. Elles sont disponibles avec des r\u00e9glages de pression ajustables, des conceptions \u00e0 ressort ou \u00e0 membrane, et avec des raccords filet\u00e9s ou \u00e0 brides. Compactes et fiables, ces soupapes offrent un contr\u00f4le pr\u00e9cis de la pression et des performances de s\u00e9curit\u00e9 fiables pour les syst\u00e8mes industriels et commerciaux.<\/p>\n","protected":false},"excerpt":{"rendered":"<p>Les soupapes de d\u00e9charge sont con\u00e7ues pour prot\u00e9ger les pompes, les tuyauteries et les \u00e9quipements de traitement contre la surpression en lib\u00e9rant automatiquement l&rsquo;exc\u00e8s de pression du syst\u00e8me. Lorsque la pression du syst\u00e8me d\u00e9passe la limite pr\u00e9\u00e9tablie, la soupape s&rsquo;ouvre pour d\u00e9vier le fluide, maintenant ainsi des conditions de fonctionnement s\u00fbres et \u00e9vitant d&rsquo;endommager les &#8230; <a title=\"SOUPAPE DE D\u00c9CHARGE\" class=\"read-more\" href=\"https:\/\/albanywater.com\/fr\/produit\/soupape-de-decharge\/\" aria-label=\"En savoir plus sur SOUPAPE DE D\u00c9CHARGE\">Lire la suite<\/a><\/p>\n","protected":false},"featured_media":8785,"template":"","meta":{"_acf_changed":false,"slim_seo":{"title":"SOUPAPE DE D\u00c9CHARGE - Albany Water System","description":"Les soupapes de d\u00e9charge sont con\u00e7ues pour prot\u00e9ger les pompes, les tuyauteries et les \u00e9quipements de traitement contre la surpression en lib\u00e9rant automatiqueme"}},"product_brand":[],"product_cat":[71],"product_tag":[],"class_list":{"0":"post-8521","1":"product","2":"type-product","3":"status-publish","4":"has-post-thumbnail","6":"product_cat-soupape","8":"first","9":"instock","10":"shipping-taxable","11":"product-type-simple"},"acf":[],"_links":{"self":[{"href":"https:\/\/albanywater.com\/fr\/wp-json\/wp\/v2\/product\/8521","targetHints":{"allow":["GET"]}}],"collection":[{"href":"https:\/\/albanywater.com\/fr\/wp-json\/wp\/v2\/product"}],"about":[{"href":"https:\/\/albanywater.com\/fr\/wp-json\/wp\/v2\/types\/product"}],"wp:featuredmedia":[{"embeddable":true,"href":"https:\/\/albanywater.com\/fr\/wp-json\/wp\/v2\/media\/8785"}],"wp:attachment":[{"href":"https:\/\/albanywater.com\/fr\/wp-json\/wp\/v2\/media?parent=8521"}],"wp:term":[{"taxonomy":"product_brand","embeddable":true,"href":"https:\/\/albanywater.com\/fr\/wp-json\/wp\/v2\/product_brand?post=8521"},{"taxonomy":"product_cat","embeddable":true,"href":"https:\/\/albanywater.com\/fr\/wp-json\/wp\/v2\/product_cat?post=8521"},{"taxonomy":"product_tag","embeddable":true,"href":"https:\/\/albanywater.com\/fr\/wp-json\/wp\/v2\/product_tag?post=8521"}],"curies":[{"name":"wp","href":"https:\/\/api.w.org\/{rel}","templated":true}]}}