{"id":8523,"date":"2025-11-05T04:23:57","date_gmt":"2025-11-05T04:23:57","guid":{"rendered":"https:\/\/albanywater.com\/product\/clapet-de-pied\/"},"modified":"2025-11-10T15:33:43","modified_gmt":"2025-11-10T15:33:43","slug":"clapet-de-pied","status":"publish","type":"product","link":"https:\/\/albanywater.com\/fr\/produit\/clapet-de-pied\/","title":{"rendered":"CLAPET DE PIED"},"content":{"rendered":"<p>Les clapets de pied sont des clapets anti-retour de haute qualit\u00e9 install\u00e9s du c\u00f4t\u00e9 aspiration des pompes pour maintenir l&rsquo;amor\u00e7age et pr\u00e9venir le refoulement lorsque la pompe est arr\u00eat\u00e9e. Con\u00e7us avec un \u00e9cran filtrant int\u00e9gr\u00e9, ils emp\u00eachent les d\u00e9bris, solides ou particules \u00e9trang\u00e8res de p\u00e9n\u00e9trer dans la conduite d&rsquo;aspiration, assurant un fonctionnement fluide et fiable de la pompe. Ces clapets s&rsquo;ouvrent automatiquement sous aspiration et se ferment herm\u00e9tiquement lorsque le d\u00e9bit s&rsquo;inverse, contribuant \u00e0 maintenir l&rsquo;efficacit\u00e9 du syst\u00e8me et la long\u00e9vit\u00e9 de la pompe. Fabriqu\u00e9s \u00e0 partir de mat\u00e9riaux durables tels que le PVC, le bronze, la fonte, la fonte ductile ou l&rsquo;acier inoxydable, les clapets de pied Albany conviennent aux syst\u00e8mes d&rsquo;approvisionnement en eau, d&rsquo;irrigation, de d\u00e9shydratation et de transfert de produits chimiques. Ils pr\u00e9sentent une faible perte de charge, une r\u00e9sistance \u00e0 la corrosion et une performance d&rsquo;\u00e9tanch\u00e9it\u00e9 serr\u00e9e avec des options de si\u00e8ge en caoutchouc ou souple. Disponibles avec des raccords \u00e0 bride, filet\u00e9s ou \u00e0 embo\u00eetement, ils offrent une installation facile, une longue dur\u00e9e de service et des performances fiables dans des conditions de terrain exigeantes.<\/p>\n","protected":false},"excerpt":{"rendered":"<p>Les clapets de pied sont des clapets anti-retour de haute qualit\u00e9 install\u00e9s du c\u00f4t\u00e9 aspiration des pompes pour maintenir l&rsquo;amor\u00e7age et pr\u00e9venir le refoulement lorsque la pompe est arr\u00eat\u00e9e. Con\u00e7us avec un \u00e9cran filtrant int\u00e9gr\u00e9, ils emp\u00eachent les d\u00e9bris, solides ou particules \u00e9trang\u00e8res de p\u00e9n\u00e9trer dans la conduite d&rsquo;aspiration, assurant un fonctionnement fluide et fiable &#8230; <a title=\"CLAPET DE PIED\" class=\"read-more\" href=\"https:\/\/albanywater.com\/fr\/produit\/clapet-de-pied\/\" aria-label=\"En savoir plus sur CLAPET DE PIED\">Lire la suite<\/a><\/p>\n","protected":false},"featured_media":8787,"template":"","meta":{"_acf_changed":false,"slim_seo":{"title":"CLAPET DE PIED - Albany Water System","description":"Les clapets de pied sont des clapets anti-retour de haute qualit\u00e9 install\u00e9s du c\u00f4t\u00e9 aspiration des pompes pour maintenir l'amor\u00e7age et pr\u00e9venir le refoulement l"}},"product_brand":[],"product_cat":[71],"product_tag":[],"class_list":{"0":"post-8523","1":"product","2":"type-product","3":"status-publish","4":"has-post-thumbnail","6":"product_cat-soupape","8":"first","9":"instock","10":"shipping-taxable","11":"product-type-simple"},"acf":[],"_links":{"self":[{"href":"https:\/\/albanywater.com\/fr\/wp-json\/wp\/v2\/product\/8523","targetHints":{"allow":["GET"]}}],"collection":[{"href":"https:\/\/albanywater.com\/fr\/wp-json\/wp\/v2\/product"}],"about":[{"href":"https:\/\/albanywater.com\/fr\/wp-json\/wp\/v2\/types\/product"}],"wp:featuredmedia":[{"embeddable":true,"href":"https:\/\/albanywater.com\/fr\/wp-json\/wp\/v2\/media\/8787"}],"wp:attachment":[{"href":"https:\/\/albanywater.com\/fr\/wp-json\/wp\/v2\/media?parent=8523"}],"wp:term":[{"taxonomy":"product_brand","embeddable":true,"href":"https:\/\/albanywater.com\/fr\/wp-json\/wp\/v2\/product_brand?post=8523"},{"taxonomy":"product_cat","embeddable":true,"href":"https:\/\/albanywater.com\/fr\/wp-json\/wp\/v2\/product_cat?post=8523"},{"taxonomy":"product_tag","embeddable":true,"href":"https:\/\/albanywater.com\/fr\/wp-json\/wp\/v2\/product_tag?post=8523"}],"curies":[{"name":"wp","href":"https:\/\/api.w.org\/{rel}","templated":true}]}}