{"id":8525,"date":"2025-11-05T04:28:11","date_gmt":"2025-11-05T04:28:11","guid":{"rendered":"https:\/\/albanywater.com\/product\/filtre-a-tamis\/"},"modified":"2025-11-05T04:28:11","modified_gmt":"2025-11-05T04:28:11","slug":"filtre-a-tamis","status":"publish","type":"product","link":"https:\/\/albanywater.com\/fr\/produit\/filtre-a-tamis\/","title":{"rendered":"FILTRE \u00c0 TAMIS"},"content":{"rendered":"<p>Les filtres \u00e0 tamis sont con\u00e7us pour \u00e9liminer efficacement les mati\u00e8res solides en suspension et les d\u00e9bris de l&rsquo;eau, assurant un d\u00e9bit propre et prot\u00e9geant les \u00e9quipements en aval tels que les pompes, vannes et buses. Ces filtres utilisent un \u00e9l\u00e9ment de tamis en maille d&rsquo;acier inoxydable ou de nylon qui capture les particules tout en permettant des d\u00e9bits \u00e9lev\u00e9s avec une perte de pression minimale. Leur conception compacte et durable les rend id\u00e9aux pour les syst\u00e8mes d&rsquo;eau potable, d&rsquo;irrigation, de tours de refroidissement et de pr\u00e9traitement de filtration. Fabriqu\u00e9s en PVC, acier au carbone ou acier inoxydable, les filtres \u00e0 tamis Albany sont disponibles avec des tamis amovibles pour un nettoyage et un entretien faciles. Les syst\u00e8mes de contre-lavage automatiques ou semi-automatiques en option permettent un fonctionnement continu sans arr\u00eat. Con\u00e7us pour une performance fiable et une r\u00e9sistance \u00e0 la corrosion, ces filtres offrent une longue dur\u00e9e de vie, un entretien minimal et une qualit\u00e9 d&rsquo;eau constante dans les applications municipales, industrielles et commerciales.     <\/p>\n","protected":false},"excerpt":{"rendered":"<p>Les filtres \u00e0 tamis sont con\u00e7us pour \u00e9liminer efficacement les mati\u00e8res solides en suspension et les d\u00e9bris de l&rsquo;eau, assurant un d\u00e9bit propre et prot\u00e9geant les \u00e9quipements en aval tels que les pompes, vannes et buses. Ces filtres utilisent un \u00e9l\u00e9ment de tamis en maille d&rsquo;acier inoxydable ou de nylon qui capture les particules tout &#8230; <a title=\"FILTRE \u00c0 TAMIS\" class=\"read-more\" href=\"https:\/\/albanywater.com\/fr\/produit\/filtre-a-tamis\/\" aria-label=\"En savoir plus sur FILTRE \u00c0 TAMIS\">Lire la suite<\/a><\/p>\n","protected":false},"featured_media":8761,"template":"","meta":{"_acf_changed":false,"slim_seo":{"title":"FILTRE \u00c0 TAMIS - Albany Water System","description":"Les filtres \u00e0 tamis sont con\u00e7us pour \u00e9liminer efficacement les mati\u00e8res solides en suspension et les d\u00e9bris de l'eau, assurant un d\u00e9bit propre et prot\u00e9geant les"}},"product_brand":[],"product_cat":[67],"product_tag":[],"class_list":{"0":"post-8525","1":"product","2":"type-product","3":"status-publish","4":"has-post-thumbnail","6":"product_cat-filtres","8":"first","9":"instock","10":"shipping-taxable","11":"product-type-simple"},"acf":[],"_links":{"self":[{"href":"https:\/\/albanywater.com\/fr\/wp-json\/wp\/v2\/product\/8525","targetHints":{"allow":["GET"]}}],"collection":[{"href":"https:\/\/albanywater.com\/fr\/wp-json\/wp\/v2\/product"}],"about":[{"href":"https:\/\/albanywater.com\/fr\/wp-json\/wp\/v2\/types\/product"}],"wp:featuredmedia":[{"embeddable":true,"href":"https:\/\/albanywater.com\/fr\/wp-json\/wp\/v2\/media\/8761"}],"wp:attachment":[{"href":"https:\/\/albanywater.com\/fr\/wp-json\/wp\/v2\/media?parent=8525"}],"wp:term":[{"taxonomy":"product_brand","embeddable":true,"href":"https:\/\/albanywater.com\/fr\/wp-json\/wp\/v2\/product_brand?post=8525"},{"taxonomy":"product_cat","embeddable":true,"href":"https:\/\/albanywater.com\/fr\/wp-json\/wp\/v2\/product_cat?post=8525"},{"taxonomy":"product_tag","embeddable":true,"href":"https:\/\/albanywater.com\/fr\/wp-json\/wp\/v2\/product_tag?post=8525"}],"curies":[{"name":"wp","href":"https:\/\/api.w.org\/{rel}","templated":true}]}}