{"id":8527,"date":"2025-11-05T04:27:12","date_gmt":"2025-11-05T04:27:12","guid":{"rendered":"https:\/\/albanywater.com\/product\/vanne-3-voies\/"},"modified":"2025-11-05T04:27:12","modified_gmt":"2025-11-05T04:27:12","slug":"vanne-3-voies","status":"publish","type":"product","link":"https:\/\/albanywater.com\/fr\/produit\/vanne-3-voies\/","title":{"rendered":"VANNE 3 VOIES"},"content":{"rendered":"<p>Les vannes 3 voies sont con\u00e7ues pour d\u00e9vier ou m\u00e9langer le d\u00e9bit dans une large gamme d&rsquo;applications de traitement, de traitement de l&rsquo;eau et de CVC. Ces vannes pr\u00e9sentent une configuration \u00e0 trois orifices qui permet de diriger le fluide entre deux sorties diff\u00e9rentes ou de combiner deux entr\u00e9es en une seule ligne de d\u00e9charge, permettant un contr\u00f4le flexible du syst\u00e8me et une gestion efficace des fluides. Leur conception compacte assure une faible perte de charge, une \u00e9tanch\u00e9it\u00e9 parfaite et un fonctionnement fiable. Disponibles en types \u00e0 bille, \u00e0 boisseau ou \u00e0 si\u00e8ge, les vannes 3 voies sont fabriqu\u00e9es en laiton, acier inoxydable, acier au carbone ou PVC, avec des si\u00e8ges en PTFE, EPDM ou Viton pour une r\u00e9sistance chimique sup\u00e9rieure et des performances sans fuite. Elles peuvent \u00eatre configur\u00e9es selon des sch\u00e9mas d&rsquo;\u00e9coulement en L ou en T et sont compatibles avec des actionneurs manuels, \u00e9lectriques ou pneumatiques. Id\u00e9ales pour les syst\u00e8mes de m\u00e9lange, de d\u00e9rivation et de contr\u00f4le de temp\u00e9rature, ces vannes offrent une r\u00e9gulation pr\u00e9cise du d\u00e9bit, une longue dur\u00e9e de vie et une int\u00e9gration facile dans les syst\u00e8mes de contr\u00f4le automatis\u00e9s.     <\/p>\n","protected":false},"excerpt":{"rendered":"<p>Les vannes 3 voies sont con\u00e7ues pour d\u00e9vier ou m\u00e9langer le d\u00e9bit dans une large gamme d&rsquo;applications de traitement, de traitement de l&rsquo;eau et de CVC. Ces vannes pr\u00e9sentent une configuration \u00e0 trois orifices qui permet de diriger le fluide entre deux sorties diff\u00e9rentes ou de combiner deux entr\u00e9es en une seule ligne de d\u00e9charge, &#8230; <a title=\"VANNE 3 VOIES\" class=\"read-more\" href=\"https:\/\/albanywater.com\/fr\/produit\/vanne-3-voies\/\" aria-label=\"En savoir plus sur VANNE 3 VOIES\">Lire la suite<\/a><\/p>\n","protected":false},"featured_media":8762,"template":"","meta":{"_acf_changed":false,"slim_seo":{"title":"VANNE 3 VOIES - Albany Water System","description":"Les vannes 3 voies sont con\u00e7ues pour d\u00e9vier ou m\u00e9langer le d\u00e9bit dans une large gamme d'applications de traitement, de traitement de l'eau et de CVC. Ces vannes"}},"product_brand":[],"product_cat":[71],"product_tag":[],"class_list":{"0":"post-8527","1":"product","2":"type-product","3":"status-publish","4":"has-post-thumbnail","6":"product_cat-soupape","8":"first","9":"instock","10":"shipping-taxable","11":"product-type-simple"},"acf":[],"_links":{"self":[{"href":"https:\/\/albanywater.com\/fr\/wp-json\/wp\/v2\/product\/8527","targetHints":{"allow":["GET"]}}],"collection":[{"href":"https:\/\/albanywater.com\/fr\/wp-json\/wp\/v2\/product"}],"about":[{"href":"https:\/\/albanywater.com\/fr\/wp-json\/wp\/v2\/types\/product"}],"wp:featuredmedia":[{"embeddable":true,"href":"https:\/\/albanywater.com\/fr\/wp-json\/wp\/v2\/media\/8762"}],"wp:attachment":[{"href":"https:\/\/albanywater.com\/fr\/wp-json\/wp\/v2\/media?parent=8527"}],"wp:term":[{"taxonomy":"product_brand","embeddable":true,"href":"https:\/\/albanywater.com\/fr\/wp-json\/wp\/v2\/product_brand?post=8527"},{"taxonomy":"product_cat","embeddable":true,"href":"https:\/\/albanywater.com\/fr\/wp-json\/wp\/v2\/product_cat?post=8527"},{"taxonomy":"product_tag","embeddable":true,"href":"https:\/\/albanywater.com\/fr\/wp-json\/wp\/v2\/product_tag?post=8527"}],"curies":[{"name":"wp","href":"https:\/\/api.w.org\/{rel}","templated":true}]}}