{"id":8529,"date":"2025-11-05T04:25:52","date_gmt":"2025-11-05T04:25:52","guid":{"rendered":"https:\/\/albanywater.com\/product\/electrovanne\/"},"modified":"2025-11-05T04:25:52","modified_gmt":"2025-11-05T04:25:52","slug":"electrovanne","status":"publish","type":"product","link":"https:\/\/albanywater.com\/fr\/produit\/electrovanne\/","title":{"rendered":"\u00c9LECTROVANNE"},"content":{"rendered":"<p>Les \u00e9lectrovannes sont des vannes de r\u00e9gulation \u00e0 commande \u00e9lectrique con\u00e7ues pour la r\u00e9gulation automatique du d\u00e9bit des liquides, de l&rsquo;air, du gaz ou de la vapeur dans les syst\u00e8mes de process et les syst\u00e8mes utilitaires. Ces vannes utilisent une bobine \u00e9lectromagn\u00e9tique pour ouvrir ou fermer le passage du flux, offrant un fonctionnement pr\u00e9cis, rapide et fiable. Id\u00e9ales pour le contr\u00f4le \u00e0 distance et l&rsquo;automatisation, elles sont largement utilis\u00e9es dans le traitement de l&rsquo;eau, les syst\u00e8mes de carburant, les unit\u00e9s de filtration et les applications CVC. Fabriqu\u00e9es en laiton, acier inoxydable ou PVC, les \u00e9lectrovannes sont disponibles en configurations normalement ferm\u00e9es ou normalement ouvertes, avec une vari\u00e9t\u00e9 de mat\u00e9riaux d&rsquo;\u00e9tanch\u00e9it\u00e9 (NBR, EPDM, Viton, PTFE) pour s&rsquo;adapter \u00e0 diff\u00e9rents fluides et temp\u00e9ratures. Elles se caract\u00e9risent par une faible consommation d&rsquo;\u00e9nergie, une longue dur\u00e9e de vie et une performance \u00e9tanche, avec des options pour des bobines AC ou DC, un dispositif de commande manuelle et des bo\u00eetiers class\u00e9s NEMA. Compactes et fiables, ces vannes assurent un contr\u00f4le et une automatisation efficaces des syst\u00e8mes dans les environnements industriels et commerciaux.     <\/p>\n","protected":false},"excerpt":{"rendered":"<p>Les \u00e9lectrovannes sont des vannes de r\u00e9gulation \u00e0 commande \u00e9lectrique con\u00e7ues pour la r\u00e9gulation automatique du d\u00e9bit des liquides, de l&rsquo;air, du gaz ou de la vapeur dans les syst\u00e8mes de process et les syst\u00e8mes utilitaires. Ces vannes utilisent une bobine \u00e9lectromagn\u00e9tique pour ouvrir ou fermer le passage du flux, offrant un fonctionnement pr\u00e9cis, rapide &#8230; <a title=\"\u00c9LECTROVANNE\" class=\"read-more\" href=\"https:\/\/albanywater.com\/fr\/produit\/electrovanne\/\" aria-label=\"En savoir plus sur \u00c9LECTROVANNE\">Lire la suite<\/a><\/p>\n","protected":false},"featured_media":8783,"template":"","meta":{"_acf_changed":false,"slim_seo":{"title":"\u00c9LECTROVANNE - Albany Water System","description":"Les \u00e9lectrovannes sont des vannes de r\u00e9gulation \u00e0 commande \u00e9lectrique con\u00e7ues pour la r\u00e9gulation automatique du d\u00e9bit des liquides, de l'air, du gaz ou de la va"}},"product_brand":[],"product_cat":[71],"product_tag":[],"class_list":{"0":"post-8529","1":"product","2":"type-product","3":"status-publish","4":"has-post-thumbnail","6":"product_cat-soupape","8":"first","9":"instock","10":"shipping-taxable","11":"product-type-simple"},"acf":[],"_links":{"self":[{"href":"https:\/\/albanywater.com\/fr\/wp-json\/wp\/v2\/product\/8529","targetHints":{"allow":["GET"]}}],"collection":[{"href":"https:\/\/albanywater.com\/fr\/wp-json\/wp\/v2\/product"}],"about":[{"href":"https:\/\/albanywater.com\/fr\/wp-json\/wp\/v2\/types\/product"}],"wp:featuredmedia":[{"embeddable":true,"href":"https:\/\/albanywater.com\/fr\/wp-json\/wp\/v2\/media\/8783"}],"wp:attachment":[{"href":"https:\/\/albanywater.com\/fr\/wp-json\/wp\/v2\/media?parent=8529"}],"wp:term":[{"taxonomy":"product_brand","embeddable":true,"href":"https:\/\/albanywater.com\/fr\/wp-json\/wp\/v2\/product_brand?post=8529"},{"taxonomy":"product_cat","embeddable":true,"href":"https:\/\/albanywater.com\/fr\/wp-json\/wp\/v2\/product_cat?post=8529"},{"taxonomy":"product_tag","embeddable":true,"href":"https:\/\/albanywater.com\/fr\/wp-json\/wp\/v2\/product_tag?post=8529"}],"curies":[{"name":"wp","href":"https:\/\/api.w.org\/{rel}","templated":true}]}}