{"id":8531,"date":"2025-11-05T04:26:32","date_gmt":"2025-11-05T04:26:32","guid":{"rendered":"https:\/\/albanywater.com\/product\/vanne-motorisee\/"},"modified":"2025-11-05T04:26:32","modified_gmt":"2025-11-05T04:26:32","slug":"vanne-motorisee","status":"publish","type":"product","link":"https:\/\/albanywater.com\/fr\/produit\/vanne-motorisee\/","title":{"rendered":"VANNE MOTORIS\u00c9E"},"content":{"rendered":"<p>Les vannes motoris\u00e9es sont des vannes de r\u00e9gulation \u00e0 actionnement \u00e9lectrique con\u00e7ues pour une r\u00e9gulation pr\u00e9cise et automatique du d\u00e9bit de fluide dans les syst\u00e8mes d&rsquo;eau, de CVC et de process. Actionn\u00e9es par un actionneur \u00e9lectrique, ces vannes offrent un contr\u00f4le tout ou rien ou modulant fluide et fiable, ce qui les rend id\u00e9ales pour l&rsquo;int\u00e9gration avec des syst\u00e8mes API, GTB ou d&rsquo;automatisation. Leur r\u00e9ponse rapide et leur fermeture \u00e9tanche garantissent un fonctionnement efficace et sans fuite dans des conditions syst\u00e8me variables. Disponibles en configurations de vanne \u00e0 boisseau sph\u00e9rique, papillon ou \u00e0 soupape, les vannes motoris\u00e9es sont fabriqu\u00e9es en laiton, acier inoxydable, acier au carbone ou PVC, avec des si\u00e8ges en EPDM, PTFE ou Viton pour une \u00e9tanch\u00e9it\u00e9 sup\u00e9rieure et une compatibilit\u00e9 chimique. Elles sont \u00e9quip\u00e9es d&rsquo;actionneurs compacts et \u00e9tanches avec des options de commande manuelle, des indicateurs de position et des conceptions \u00e0 s\u00e9curit\u00e9 int\u00e9gr\u00e9e (retour par ressort). Parfaites pour les skids de filtration, les syst\u00e8mes de surpression, les panneaux de transfert de carburant et les stations de traitement, ces vannes offrent des performances durables, un contr\u00f4le pr\u00e9cis et une automatisation sans faille dans les applications industrielles et commerciales.     <\/p>\n","protected":false},"excerpt":{"rendered":"<p>Les vannes motoris\u00e9es sont des vannes de r\u00e9gulation \u00e0 actionnement \u00e9lectrique con\u00e7ues pour une r\u00e9gulation pr\u00e9cise et automatique du d\u00e9bit de fluide dans les syst\u00e8mes d&rsquo;eau, de CVC et de process. Actionn\u00e9es par un actionneur \u00e9lectrique, ces vannes offrent un contr\u00f4le tout ou rien ou modulant fluide et fiable, ce qui les rend id\u00e9ales pour &#8230; <a title=\"VANNE MOTORIS\u00c9E\" class=\"read-more\" href=\"https:\/\/albanywater.com\/fr\/produit\/vanne-motorisee\/\" aria-label=\"En savoir plus sur VANNE MOTORIS\u00c9E\">Lire la suite<\/a><\/p>\n","protected":false},"featured_media":8782,"template":"","meta":{"_acf_changed":false,"slim_seo":{"title":"VANNE MOTORIS\u00c9E - Albany Water System","description":"Les vannes motoris\u00e9es sont des vannes de r\u00e9gulation \u00e0 actionnement \u00e9lectrique con\u00e7ues pour une r\u00e9gulation pr\u00e9cise et automatique du d\u00e9bit de fluide dans les sys"}},"product_brand":[],"product_cat":[71],"product_tag":[],"class_list":{"0":"post-8531","1":"product","2":"type-product","3":"status-publish","4":"has-post-thumbnail","6":"product_cat-soupape","8":"first","9":"instock","10":"shipping-taxable","11":"product-type-simple"},"acf":[],"_links":{"self":[{"href":"https:\/\/albanywater.com\/fr\/wp-json\/wp\/v2\/product\/8531","targetHints":{"allow":["GET"]}}],"collection":[{"href":"https:\/\/albanywater.com\/fr\/wp-json\/wp\/v2\/product"}],"about":[{"href":"https:\/\/albanywater.com\/fr\/wp-json\/wp\/v2\/types\/product"}],"wp:featuredmedia":[{"embeddable":true,"href":"https:\/\/albanywater.com\/fr\/wp-json\/wp\/v2\/media\/8782"}],"wp:attachment":[{"href":"https:\/\/albanywater.com\/fr\/wp-json\/wp\/v2\/media?parent=8531"}],"wp:term":[{"taxonomy":"product_brand","embeddable":true,"href":"https:\/\/albanywater.com\/fr\/wp-json\/wp\/v2\/product_brand?post=8531"},{"taxonomy":"product_cat","embeddable":true,"href":"https:\/\/albanywater.com\/fr\/wp-json\/wp\/v2\/product_cat?post=8531"},{"taxonomy":"product_tag","embeddable":true,"href":"https:\/\/albanywater.com\/fr\/wp-json\/wp\/v2\/product_tag?post=8531"}],"curies":[{"name":"wp","href":"https:\/\/api.w.org\/{rel}","templated":true}]}}